{"id":7065,"date":"2020-06-30T08:56:37","date_gmt":"2020-06-30T08:56:37","guid":{"rendered":"https:\/\/yamaaoi.com\/aviso-legal\/"},"modified":"2022-03-22T09:12:45","modified_gmt":"2022-03-22T09:12:45","slug":"legal-warning","status":"publish","type":"page","link":"https:\/\/yamaaoi.com\/en\/legal-warning\/","title":{"rendered":"Legal warning"},"content":{"rendered":"<h2><strong>Legal warning<\/strong><\/h2>\n<p>In this space, the USER will be able to find all the information related to the legal terms and conditions that define the relations between the users and us as responsible for this website. As a user, it is important that you know these terms before continuing your navigation. Yamaaoi Wasabi S.L. As the person in charge of this website, you assume the commitment to process the information of our users and clients with full guarantees and to comply with the national and European requirements that regulate the collection and use of the personal data of our users. This website, therefore, strictly complies with the RGPD (REGULATION (EU) 2016\/679 on data protection) and the LSSI-CE Law 34\/2002, of July 11, on services of the information society and electronic commerce.<\/p>\n<h6><strong>General conditions of use<\/strong><\/h6>\n<p>These General Conditions regulate the use (including mere access) of the web pages, members of the www.yamaaoi.com website, including the content and services made available on them. Any person who accesses the web, www.yamaaoi.com (\u201cUser\u201d) agrees to submit to the General Conditions in force at any time of the portal www.yamaaoi.com.<\/p>\n<p>Personal data we collect and how we do it<\/p>\n<p>Read Privacy Policy<\/p>\n<h6><strong>Commitments and obligations of users<\/strong><\/h6>\n<p>The User is informed, and accepts, that access to this website does not imply, in any way, the beginning of a commercial relationship with www.yamaaoi.com. In this way, the user agrees to use the website, its services and content without violating current legislation, good faith and public order.<\/p>\n<p>The use of the website for illegal or harmful purposes, or that, in any way, may cause damage or prevent the normal functioning of the website is prohibited. Regarding the contents of this website, it is prohibited: Its reproduction, distribution or modification, in whole or in part, unless you have the authorization of its legitimate owners; Any violation of the rights of the provider or of the legitimate owners; Its use for commercial or advertising purposes.<\/p>\n<p>In using the website, www.yamaaoi.com, the User agrees not to carry out any conduct that could damage the image, interests and rights of www.yamaaoi.com or third parties or that could damage, disable or overload the portal (indicate domain) or prevent, in any way, the normal use of the web. However, the User must be aware that the security measures of computer systems on the Internet are not entirely reliable and that, therefore, www.yamaaoi.com cannot guarantee the absence of viruses or other elements that may cause alterations in the computer systems (software and hardware) of the User or in their electronic documents and files contained therein.<\/p>\n<h6><strong>Security measures<\/strong><\/h6>\n<p>The personal data communicated by the user to www.yamaaoi.com may be stored in automated databases or not, whose ownership corresponds exclusively to www.yamaaoi.com, assuming all technical, organizational and security measures that guarantee the confidentiality, integrity and quality of the information contained therein in accordance with the provisions of current regulations on data protection.<\/p>\n<h6>Communication between users and www.yamaaoi.com uses a secure channel, and the transmitted data is encrypted thanks to https protocols, therefore, we guarantee the best security conditions so that the confidentiality of users is guaranteed.<\/h6>\n<h6><strong>Claims<\/strong><\/h6>\n<p>www.yamaaoi.com informs that there are claim forms available to users and customers. The User may make claims by requesting their claim form or by sending an email to info@yamaaoi.com indicating their name and surname, the service and\/or product purchased and stating the reasons for their claim.<\/p>\n<p>The user\/buyer may notify us of the claim, either by email to: info@yamaaoi.com, if desired by attaching the following claim form: The service\/product: Acquired on the day: User name: User address: User&#8217;s signature (only if submitted on paper): Date: Reason for the claim:<\/p>\n<h6><strong>Conflict resolution platform<\/strong><\/h6>\n<p>In case it may be of interest to you, to submit your claims you can also use the dispute resolution platform provided by the European Commission and which is available at the following link: http:\/\/ec.europa.eu\/consumers\/odr\/<\/p>\n<h6><strong>Intellectual and industrial property rights<\/strong><\/h6>\n<p>By virtue of the provisions of articles 8 and 32.1, second paragraph, of the Intellectual Property Law, the reproduction, distribution and public communication, including the method of making them available, of all or part of the contents of this web page, for commercial purposes, in any<\/p>\n<h6>Derechos de propiedad intelectual e industrial<\/h6>\n<p>En virtud de lo dispuesto en los art\u00edculos 8 y 32.1, p\u00e1rrafo segundo, de la Ley de Propiedad Intelectual, quedan expresamente prohibidas la reproducci\u00f3n, la distribuci\u00f3n y la comunicaci\u00f3n p\u00fablica, incluida su modalidad de puesta a disposici\u00f3n, de la totalidad o parte de los contenidos de esta p\u00e1gina web, con fines comerciales, en cualquier soporte y por cualquier medio t\u00e9cnico, sin la autorizaci\u00f3n de www.yamaaoi.com. El usuario se compromete a respetar los derechos de Propiedad Intelectual e Industrial titularidad de www.yamaaoi.com.<\/p>\n<p>El usuario conoce y acepta que la totalidad del sitio web, conteniendo sin car\u00e1cter exhaustivo el texto, software, contenidos (incluyendo estructura, selecci\u00f3n, ordenaci\u00f3n y presentaci\u00f3n de los mismos) podcast, fotograf\u00edas, material audiovisual y gr\u00e1ficos, est\u00e1 protegida por marcas, derechos de autor y otros derechos leg\u00edtimos, de acuerdo con los tratados internacionales en los que Espa\u00f1a es parte y otros derechos de propiedad y leyes de Espa\u00f1a. En el caso de que un usuario o un tercero consideren que se ha producido una violaci\u00f3n de sus leg\u00edtimos derechos de propiedad intelectual por la introducci\u00f3n de un determinado contenido en la web, deber\u00e1 notificar dicha circunstancia a www.yamaaoi.com indicando:<\/p>\n<p>Datos personales del interesado titular de los derechos presuntamente infringidos, o indicar la representaci\u00f3n con la que act\u00faa en caso de que la reclamaci\u00f3n la presente un tercero distinto del interesado.<\/p>\n<p>Se\u00f1alar los contenidos protegidos por los derechos de propiedad intelectual y su ubicaci\u00f3n en la web, la acreditaci\u00f3n de los derechos de propiedad intelectual se\u00f1alados y declaraci\u00f3n expresa en la que el interesado se responsabiliza de la veracidad de las informaciones facilitadas en la notificaci\u00f3n.<\/p>\n<h6>Enlaces externos<\/h6>\n<p>Las p\u00e1ginas de la web www.yamaaoi.com, podr\u00eda proporcionar enlaces a otros sitios web propios y contenidos que son propiedad de terceros. El \u00fanico objeto de los enlaces es proporcionar al Usuario la posibilidad de acceder a dichos enlaces. www.yamaaoi.com no se responsabiliza en ning\u00fan caso de los resultados que puedan derivarse al Usuario por acceso a dichos enlaces.<\/p>\n<p>Asimismo, el usuario encontrar\u00e1 dentro de este sitio, p\u00e1ginas, promociones, programas de afiliados que acceden a los h\u00e1bitos de navegaci\u00f3n de los usuarios para establecer perfiles. Esta informaci\u00f3n siempre es an\u00f3nima y no se identifica al usuario.<\/p>\n<p>La Informaci\u00f3n que se proporcione en estos Sitios patrocinado o enlaces de afiliados est\u00e1 sujeta a las pol\u00edticas de privacidad que se utilicen en dichos Sitios y no estar\u00e1 sujeta a esta pol\u00edtica de privacidad. Por lo que recomendamos ampliamente a los Usuarios a revisar detalladamente las pol\u00edticas de privacidad de los enlaces de afiliado.<\/p>\n<p>El Usuario que se proponga establecer cualquier dispositivo t\u00e9cnico de enlace desde su sitio web al portal www.yamaaoi.com deber\u00e1 obtener la autorizaci\u00f3n previa y escrita de www.yamaaoi.com El establecimiento del enlace no implica en ning\u00fan caso la existencia de relaciones entre www.yamaaoi.com y el propietario del sitio en el que se establezca el enlace, ni la aceptaci\u00f3n o aprobaci\u00f3n por parte de www.yamaaoi.com de sus contenidos o servicios.<\/p>\n<h6>Pol\u00edtica de comentarios<\/h6>\n<p>En nuestra web y se permiten realizar comentarios para enriquecer los contenidos y realizar consultas. No se admitir\u00e1n comentarios que no est\u00e9n relacionados con la tem\u00e1tica de esta web, que incluyan difamaciones, agravios, insultos, ataques personales o faltas de respeto en general hacia el autor o hacia otros miembros. Tambi\u00e9n ser\u00e1n suprimidos los comentarios que contengan informaci\u00f3n que sea obviamente enga\u00f1osa o falsa, as\u00ed como los comentarios que contengan informaci\u00f3n personal, como, por ejemplo, domicilios privado o tel\u00e9fonos y que vulneren nuestra pol\u00edtica de protecci\u00f3n de datos.<\/p>\n<p>Se desestimar\u00e1, igualmente, aquellos comentarios creados s\u00f3lo con fines promocionales de una web, persona o colectivo y todo lo que pueda ser considerado spam en general.<\/p>\n<p>No se permiten comentarios an\u00f3nimos, as\u00ed como aquellos realizados por una misma persona con distintos apodos. No se considerar\u00e1n tampoco aquellos comentarios que intenten forzar un debate o una toma de postura por otro usuario.<\/p>\n<h6>Exclusi\u00f3n de garant\u00edas y responsabilidad<\/h6>\n<p>El Prestador no otorga ninguna garant\u00eda ni se hace responsable, en ning\u00fan caso, de los da\u00f1os y perjuicios de cualquier naturaleza que pudieran traer causa de:<\/p>\n<p>La falta de disponibilidad, mantenimiento y efectivo funcionamiento de la web, o de sus servicios y contenidos;<br \/>\nLa existencia de virus, programas maliciosos o lesivos en los contenidos;<br \/>\nEl uso il\u00edcito, negligente, fraudulento o contrario a este Aviso Legal;<br \/>\nLa falta de licitud, calidad, fiabilidad, utilidad y disponibilidad de los servicios prestados por terceros y puestos a disposici\u00f3n de los usuarios en el sitio web.<br \/>\nEl prestador no se hace responsable bajo ning\u00fan concepto de los da\u00f1os que pudieran dimanar del uso ilegal o indebido de la presente p\u00e1gina web.<\/p>\n<h6>Ley aplicable y jurisdicci\u00f3n<\/h6>\n<p>Con car\u00e1cter general las relaciones entre www.yamaaoi.com con los Usuarios de sus servicios telem\u00e1ticos, presentes en esta web se encuentran sometidas a la legislaci\u00f3n y jurisdicci\u00f3n espa\u00f1olas y a los tribunales.<\/p>\n<h6>Contacto<\/h6>\n<p>En caso de que cualquier Usuario tuviese alguna duda acerca de estas Condiciones legales o cualquier comentario sobre el portal www.yamaaoi.com, por favor dir\u00edjase a info@yamaaoi.com<\/p>\n<p>De parte del equipo que formamos Yamaaoi Wasabi S.L. te agradecemos el tiempo dedicado en leer este Aviso Legal<\/p>\n","protected":false},"excerpt":{"rendered":"<p>Legal warning In this space, the USER will be able to find all the information related to the legal terms and conditions that define the&hellip;<\/p>\n","protected":false},"author":2,"featured_media":0,"parent":0,"menu_order":0,"comment_status":"closed","ping_status":"closed","template":"page-legal.php","meta":{"_acf_changed":false,"footnotes":""},"class_list":["post-7065","page","type-page","status-publish","hentry"],"acf":[],"_links":{"self":[{"href":"https:\/\/yamaaoi.com\/en\/wp-json\/wp\/v2\/pages\/7065","targetHints":{"allow":["GET"]}}],"collection":[{"href":"https:\/\/yamaaoi.com\/en\/wp-json\/wp\/v2\/pages"}],"about":[{"href":"https:\/\/yamaaoi.com\/en\/wp-json\/wp\/v2\/types\/page"}],"author":[{"embeddable":true,"href":"https:\/\/yamaaoi.com\/en\/wp-json\/wp\/v2\/users\/2"}],"replies":[{"embeddable":true,"href":"https:\/\/yamaaoi.com\/en\/wp-json\/wp\/v2\/comments?post=7065"}],"version-history":[{"count":0,"href":"https:\/\/yamaaoi.com\/en\/wp-json\/wp\/v2\/pages\/7065\/revisions"}],"wp:attachment":[{"href":"https:\/\/yamaaoi.com\/en\/wp-json\/wp\/v2\/media?parent=7065"}],"curies":[{"name":"wp","href":"https:\/\/api.w.org\/{rel}","templated":true}]}}