{"id":8684,"date":"2022-11-25T13:07:52","date_gmt":"2022-11-25T13:07:52","guid":{"rendered":"https:\/\/yamaaoi.com\/?post_type=product&#038;p=8684"},"modified":"2022-11-25T13:35:45","modified_gmt":"2022-11-25T13:35:45","slug":"vinagre-per-a-sushi-akasu-sushizu-premium-150ml","status":"publish","type":"product","link":"https:\/\/yamaaoi.com\/ca\/productos\/vinagre-per-a-sushi-akasu-sushizu-premium-150ml\/","title":{"rendered":"Vinagre per a sushi Akasu Sushizu Premium 150ml"},"content":{"rendered":"<p>Aquest vinagre de sushi est\u00e0 elaborat amb ingredients 100% japonesos.<br \/>\nLes lies de sake (sake kasu), produ\u00efdes a Okayama, han estat pacientment refinades per expressar els seus complexos sabors.<br \/>\nAquest vinagre de sushi \u00e9s deliciosament dol\u00e7 i t\u00e9 una textura suau.<\/p>\n<p>Text: Nishikidori<\/p>\n","protected":false},"excerpt":{"rendered":"<p>El vinagre per a sushi Akasu Sushizu Premium 150ml, est\u00e0 elaborat amb ingredients 100% japonesos.<br \/>\nLes lies de sake (sake kasu), produ\u00efdes a Okayama, han estat pacientment refinades per expressar els seus complexos sabors.<br \/>\nAquest vinagre de sushi \u00e9s deliciosament dol\u00e7 i t\u00e9 una textura suau.<\/p>\n","protected":false},"featured_media":8687,"template":"","meta":{"_acf_changed":false},"product_brand":[],"product_cat":[82],"product_tag":[],"class_list":{"0":"post-8684","1":"product","2":"type-product","3":"status-publish","4":"has-post-thumbnail","6":"product_cat-vinagres-ca","8":"first","9":"instock","10":"taxable","11":"shipping-taxable","12":"purchasable","13":"product-type-simple"},"acf":[],"_links":{"self":[{"href":"https:\/\/yamaaoi.com\/ca\/wp-json\/wp\/v2\/product\/8684","targetHints":{"allow":["GET"]}}],"collection":[{"href":"https:\/\/yamaaoi.com\/ca\/wp-json\/wp\/v2\/product"}],"about":[{"href":"https:\/\/yamaaoi.com\/ca\/wp-json\/wp\/v2\/types\/product"}],"wp:featuredmedia":[{"embeddable":true,"href":"https:\/\/yamaaoi.com\/ca\/wp-json\/wp\/v2\/media\/8687"}],"wp:attachment":[{"href":"https:\/\/yamaaoi.com\/ca\/wp-json\/wp\/v2\/media?parent=8684"}],"wp:term":[{"taxonomy":"product_brand","embeddable":true,"href":"https:\/\/yamaaoi.com\/ca\/wp-json\/wp\/v2\/product_brand?post=8684"},{"taxonomy":"product_cat","embeddable":true,"href":"https:\/\/yamaaoi.com\/ca\/wp-json\/wp\/v2\/product_cat?post=8684"},{"taxonomy":"product_tag","embeddable":true,"href":"https:\/\/yamaaoi.com\/ca\/wp-json\/wp\/v2\/product_tag?post=8684"}],"curies":[{"name":"wp","href":"https:\/\/api.w.org\/{rel}","templated":true}]}}