{"id":8527,"date":"2022-09-13T08:08:15","date_gmt":"2022-09-13T08:08:15","guid":{"rendered":"https:\/\/yamaaoi.com\/?post_type=product&#038;p=8527"},"modified":"2022-09-13T08:46:28","modified_gmt":"2022-09-13T08:46:28","slug":"reposa-de-palets-hiramaru-fet-a-ma-palets-de-fusta-marro-fosc","status":"publish","type":"product","link":"https:\/\/yamaaoi.com\/ca\/productos\/reposa-de-palets-hiramaru-fet-a-ma-palets-de-fusta-marro-fosc\/","title":{"rendered":"REPOSA DE PALETS HIRAMARU FET A M\u00c0 +PALETS DE FUSTA MARR\u00d3 FOSC"},"content":{"rendered":"<p>Reposa de palets Hiramaru fet a m\u00e0 de cer\u00e0mica d&#8217;alta qualitat combinat amb palets de fusta d&#8217;alta qualitat. Color marr\u00f3 fosc secci\u00f3 quadrada. Material durador resistent a la calor (apte per a microones). Posa els teus coberts en aquest suport per a palets per evitar que colpegin la taula, aix\u00ed evitar\u00e0s el contacte directe amb la pols. Lleuger i compacte, f\u00e0cil de fer servir i emmagatzemar. Una combinaci\u00f3 perfecta amb palets, culleres, forquilles i altres estris de taula.<\/p>\n<p>Reposa<\/p>\n<p>4,6 \u00d7 1,4 cm<\/p>\n<p>Palets<\/p>\n<p>Longitud: 23,5 cm<\/p>\n","protected":false},"excerpt":{"rendered":"<p>Reposa palets fet a m\u00e0 de cer\u00e0mica d&#8217;alta qualitat combinat amb palets de fusta d&#8217;alta qualitat. Color marr\u00f3 fosc secci\u00f3 quadrada.<\/p>\n<p>Reposa<\/p>\n<p>4,6 \u00d7 1,4 cm<\/p>\n<p>Palets<\/p>\n<p>Longitud: 23,5 cm<\/p>\n","protected":false},"featured_media":8538,"template":"","meta":{"_acf_changed":false},"product_brand":[],"product_cat":[84],"product_tag":[],"class_list":{"0":"post-8527","1":"product","2":"type-product","3":"status-publish","4":"has-post-thumbnail","6":"product_cat-palillos-ca","8":"first","9":"outofstock","10":"sale","11":"taxable","12":"shipping-taxable","13":"purchasable","14":"product-type-simple"},"acf":[],"_links":{"self":[{"href":"https:\/\/yamaaoi.com\/ca\/wp-json\/wp\/v2\/product\/8527","targetHints":{"allow":["GET"]}}],"collection":[{"href":"https:\/\/yamaaoi.com\/ca\/wp-json\/wp\/v2\/product"}],"about":[{"href":"https:\/\/yamaaoi.com\/ca\/wp-json\/wp\/v2\/types\/product"}],"wp:featuredmedia":[{"embeddable":true,"href":"https:\/\/yamaaoi.com\/ca\/wp-json\/wp\/v2\/media\/8538"}],"wp:attachment":[{"href":"https:\/\/yamaaoi.com\/ca\/wp-json\/wp\/v2\/media?parent=8527"}],"wp:term":[{"taxonomy":"product_brand","embeddable":true,"href":"https:\/\/yamaaoi.com\/ca\/wp-json\/wp\/v2\/product_brand?post=8527"},{"taxonomy":"product_cat","embeddable":true,"href":"https:\/\/yamaaoi.com\/ca\/wp-json\/wp\/v2\/product_cat?post=8527"},{"taxonomy":"product_tag","embeddable":true,"href":"https:\/\/yamaaoi.com\/ca\/wp-json\/wp\/v2\/product_tag?post=8527"}],"curies":[{"name":"wp","href":"https:\/\/api.w.org\/{rel}","templated":true}]}}