{"id":8357,"date":"2022-08-17T14:27:19","date_gmt":"2022-08-17T14:27:20","guid":{"rendered":"https:\/\/yamaaoi.com\/?post_type=product&#038;p=8357"},"modified":"2022-09-20T09:34:59","modified_gmt":"2022-09-20T09:34:59","slug":"joc-sake-vaixella-pack-negre-amb-sake-gran-cru","status":"publish","type":"product","link":"https:\/\/yamaaoi.com\/ca\/productos\/joc-sake-vaixella-pack-negre-amb-sake-gran-cru\/","title":{"rendered":"Joc Sake Vaixella Pack Negre amb Sake Gran Cru"},"content":{"rendered":"<p>Joc Sake Vaixella Pack Negra amb Sake Gran Cru<\/p>\n<p>Sake vaixella pack negra \u00e9s un elegant gerra sake de cer\u00e0mica de color negre, combinat amb quatre tasses del mateix color. Resistent a la calor i apte per a \u00fas a microones. Combinat amb el sake Gran Cru \u00e9s molt crem\u00f3s, elegant i persistent. S&#8217;hi pot apreciar amb tota claredat la personalitat de l&#8217;arr\u00f2s amb qu\u00e8 s&#8217;ha elaborat, deixant en boca notes de fruita madura com el pl\u00e0tan i el mel\u00f3 de canteloupe, aix\u00ed com un potent retro gust l\u00e0ctic de iogurt i mat\u00f3. \u00c9s un sake lleugerament filtrat i sense alcohol afegit. La millor manera de prendre&#8217;l \u00e9s acompanyar-lo amb les nostres vaixelles de sake. Ampolla de 750 ml.<\/p>\n<p>Gerra:<\/p>\n<p>6.9x19cm<\/p>\n<p>400cc<\/p>\n<p>Tasses:<\/p>\n<p>4.4\u00d75.4cm<\/p>\n<p>50cc<\/p>\n<p>&nbsp;<\/p>\n","protected":false},"excerpt":{"rendered":"<p>Sake vaixella pack negra \u00e9s un elegant gerra sake de cer\u00e0mica de color negre, combinat amb quatre tasses del mateix color. Resistent a la calor i apte per a \u00fas a microones. Combinat amb el sake Gran Cru \u00e9s molt crem\u00f3s, elegant i persistent. \u00c9s un sake lleugerament filtrat i sense alcohol afegit. La millor manera de prendre&#8217;l \u00e9s acompanyar-lo amb les nostres vaixelles de sake. Ampolla de 750 ml.<\/p>\n<p>&nbsp;<\/p>\n<p>Gerra:<\/p>\n<p>6.9x19cm<\/p>\n<p>400cc<\/p>\n<p>Tasses:<\/p>\n<p>4.4\u00d75.4cm<\/p>\n<p>50cc<\/p>\n","protected":false},"featured_media":8360,"template":"","meta":{"_acf_changed":false},"product_brand":[],"product_cat":[154,151],"product_tag":[],"class_list":{"0":"post-8357","1":"product","2":"type-product","3":"status-publish","4":"has-post-thumbnail","6":"product_cat-sake-packs-ca","7":"product_cat-vaixella-sake-ca","9":"first","10":"instock","11":"sale","12":"taxable","13":"shipping-taxable","14":"purchasable","15":"product-type-simple"},"acf":[],"_links":{"self":[{"href":"https:\/\/yamaaoi.com\/ca\/wp-json\/wp\/v2\/product\/8357","targetHints":{"allow":["GET"]}}],"collection":[{"href":"https:\/\/yamaaoi.com\/ca\/wp-json\/wp\/v2\/product"}],"about":[{"href":"https:\/\/yamaaoi.com\/ca\/wp-json\/wp\/v2\/types\/product"}],"wp:featuredmedia":[{"embeddable":true,"href":"https:\/\/yamaaoi.com\/ca\/wp-json\/wp\/v2\/media\/8360"}],"wp:attachment":[{"href":"https:\/\/yamaaoi.com\/ca\/wp-json\/wp\/v2\/media?parent=8357"}],"wp:term":[{"taxonomy":"product_brand","embeddable":true,"href":"https:\/\/yamaaoi.com\/ca\/wp-json\/wp\/v2\/product_brand?post=8357"},{"taxonomy":"product_cat","embeddable":true,"href":"https:\/\/yamaaoi.com\/ca\/wp-json\/wp\/v2\/product_cat?post=8357"},{"taxonomy":"product_tag","embeddable":true,"href":"https:\/\/yamaaoi.com\/ca\/wp-json\/wp\/v2\/product_tag?post=8357"}],"curies":[{"name":"wp","href":"https:\/\/api.w.org\/{rel}","templated":true}]}}