{"id":8326,"date":"2022-08-17T10:33:53","date_gmt":"2022-08-17T10:33:53","guid":{"rendered":"https:\/\/yamaaoi.com\/?post_type=product&#038;p=8326"},"modified":"2022-09-20T09:35:33","modified_gmt":"2022-09-20T09:35:33","slug":"joc-sake-vaixella-pack-negre-amb-sake-sugoi","status":"publish","type":"product","link":"https:\/\/yamaaoi.com\/ca\/productos\/joc-sake-vaixella-pack-negre-amb-sake-sugoi\/","title":{"rendered":"Joc Sake Vaixella Pack Negre amb Sake Sugoi"},"content":{"rendered":"<p>Joc Sake Vaixella Pack Negra amb Sake Sugoi<\/p>\n<p>Sake vaixella pack negra \u00e9s un elegant gerra sake de cer\u00e0mica de color negre, combinat amb quatre tasses del mateix color. Resistent a la calor i apte per a \u00fas a microones. Combinat amb el sake Sugoi \u00e9s un producte elaborat amb arr\u00f2s de qualitat, ple de matisos interessants, sabor\u00f3s i molt subtil alhora. Molt agradable de prendre.<\/p>\n<p>Aquest sake \u00e9s ideat perqu\u00e8 et vingui de gust un glop despr\u00e9s d&#8217;un altre, combina pr\u00e0cticament amb tot. Es pot prendre durant qualsevol classe de menjar, com a copa d&#8217;aperitiu, de mitja tarda o combinat en una infinitat de c\u00f2ctels al gust. La millor manera de prendre&#8217;l \u00e9s acompanyar-lo amb les nostres vaixelles de sake. Ampolla de 750 ml.<\/p>\n<p>Gerra:<\/p>\n<p>6.9x19cm<\/p>\n<p>400cc<\/p>\n<p>Tasses:<\/p>\n<p>4.4\u00d75.4cm<\/p>\n<p>50cc<\/p>\n","protected":false},"excerpt":{"rendered":"<p>Sake vaixella pack negra \u00e9s un elegant gerra sake de cer\u00e0mica de color negre, combinat amb quatre tasses del mateix color. Resistent a la calor i apte per a \u00fas a microones. Combinat amb el sake Sugoi \u00e9s un producte elaborat amb arr\u00f2s de qualitat, ple de matisos interessants, sabor\u00f3s i molt subtil alhora. Molt agradable de prendre<\/p>\n<p>Gerra:<\/p>\n<p>6.9x19cm<\/p>\n<p>400cc<\/p>\n<p>Tasses:<\/p>\n<p>4.4\u00d75.4cm<\/p>\n<p>50cc<\/p>\n","protected":false},"featured_media":8329,"template":"","meta":{"_acf_changed":false},"product_brand":[],"product_cat":[154,151],"product_tag":[],"class_list":{"0":"post-8326","1":"product","2":"type-product","3":"status-publish","4":"has-post-thumbnail","6":"product_cat-sake-packs-ca","7":"product_cat-vaixella-sake-ca","9":"first","10":"instock","11":"sale","12":"taxable","13":"shipping-taxable","14":"purchasable","15":"product-type-simple"},"acf":[],"_links":{"self":[{"href":"https:\/\/yamaaoi.com\/ca\/wp-json\/wp\/v2\/product\/8326","targetHints":{"allow":["GET"]}}],"collection":[{"href":"https:\/\/yamaaoi.com\/ca\/wp-json\/wp\/v2\/product"}],"about":[{"href":"https:\/\/yamaaoi.com\/ca\/wp-json\/wp\/v2\/types\/product"}],"wp:featuredmedia":[{"embeddable":true,"href":"https:\/\/yamaaoi.com\/ca\/wp-json\/wp\/v2\/media\/8329"}],"wp:attachment":[{"href":"https:\/\/yamaaoi.com\/ca\/wp-json\/wp\/v2\/media?parent=8326"}],"wp:term":[{"taxonomy":"product_brand","embeddable":true,"href":"https:\/\/yamaaoi.com\/ca\/wp-json\/wp\/v2\/product_brand?post=8326"},{"taxonomy":"product_cat","embeddable":true,"href":"https:\/\/yamaaoi.com\/ca\/wp-json\/wp\/v2\/product_cat?post=8326"},{"taxonomy":"product_tag","embeddable":true,"href":"https:\/\/yamaaoi.com\/ca\/wp-json\/wp\/v2\/product_tag?post=8326"}],"curies":[{"name":"wp","href":"https:\/\/api.w.org\/{rel}","templated":true}]}}