{"id":8185,"date":"2022-07-19T10:31:48","date_gmt":"2022-07-19T10:31:49","guid":{"rendered":"https:\/\/yamaaoi.com\/?post_type=product&#038;p=8185"},"modified":"2022-07-19T10:54:00","modified_gmt":"2022-07-19T10:54:00","slug":"sake-vaixella-pack-blanc","status":"publish","type":"product","link":"https:\/\/yamaaoi.com\/ca\/productos\/sake-vaixella-pack-blanc\/","title":{"rendered":"Sake Vaixella Pack Blanc"},"content":{"rendered":"<p>Sake vaixella pack blanc \u00e9s un elegant gerra sake de cer\u00e0mica de color blanc, combinat amb quatre tasses del mateix color. Resistent a la calor i apte per a \u00fas a microones.<\/p>\n<p>Gerra:<\/p>\n<p>270cc<\/p>\n<p>Tasses:<\/p>\n<p>4.5\u00d74cm<\/p>\n<p>50cc<\/p>\n","protected":false},"excerpt":{"rendered":"<p>Sake vaixella pack blanc \u00e9s un elegant gerra sake de cer\u00e0mica de color blanc, combinat amb quatre tasses del mateix color. Resistent a la calor i apte per a \u00fas a microones.<\/p>\n<p>Gerra:<\/p>\n<p>270cc<\/p>\n<p>Tasses:<\/p>\n<p>4.5\u00d74cm<\/p>\n<p>50cc<\/p>\n","protected":false},"featured_media":7749,"template":"","meta":{"_acf_changed":false},"product_brand":[],"product_cat":[151],"product_tag":[],"class_list":{"0":"post-8185","1":"product","2":"type-product","3":"status-publish","4":"has-post-thumbnail","6":"product_cat-vaixella-sake-ca","8":"first","9":"instock","10":"sale","11":"taxable","12":"shipping-taxable","13":"purchasable","14":"product-type-simple"},"acf":[],"_links":{"self":[{"href":"https:\/\/yamaaoi.com\/ca\/wp-json\/wp\/v2\/product\/8185","targetHints":{"allow":["GET"]}}],"collection":[{"href":"https:\/\/yamaaoi.com\/ca\/wp-json\/wp\/v2\/product"}],"about":[{"href":"https:\/\/yamaaoi.com\/ca\/wp-json\/wp\/v2\/types\/product"}],"wp:featuredmedia":[{"embeddable":true,"href":"https:\/\/yamaaoi.com\/ca\/wp-json\/wp\/v2\/media\/7749"}],"wp:attachment":[{"href":"https:\/\/yamaaoi.com\/ca\/wp-json\/wp\/v2\/media?parent=8185"}],"wp:term":[{"taxonomy":"product_brand","embeddable":true,"href":"https:\/\/yamaaoi.com\/ca\/wp-json\/wp\/v2\/product_brand?post=8185"},{"taxonomy":"product_cat","embeddable":true,"href":"https:\/\/yamaaoi.com\/ca\/wp-json\/wp\/v2\/product_cat?post=8185"},{"taxonomy":"product_tag","embeddable":true,"href":"https:\/\/yamaaoi.com\/ca\/wp-json\/wp\/v2\/product_tag?post=8185"}],"curies":[{"name":"wp","href":"https:\/\/api.w.org\/{rel}","templated":true}]}}