{"id":8032,"date":"2022-07-05T07:42:36","date_gmt":"2022-07-05T07:42:37","guid":{"rendered":"https:\/\/yamaaoi.com\/?post_type=product&#038;p=8032"},"modified":"2022-07-05T08:33:37","modified_gmt":"2022-07-05T08:33:37","slug":"katsuobushi-rallador","status":"publish","type":"product","link":"https:\/\/yamaaoi.com\/ca\/productos\/katsuobushi-rallador\/","title":{"rendered":"KATSUOBUSHI + RALLADOR"},"content":{"rendered":"<p>El Katsuobushi:<br \/>\nEls japonesos han desenvolupat una cultura culin\u00e0ria \u00fanica al voltant del peix, i en particular al voltant del Katsuobushi. S&#8217;elabora bullint el bon\u00edtol a foc lent en aigua calenta, despr\u00e9s fumant-lo i assecant-lo.<br \/>\nEl Katsuobushi \u00e9s un producte saludable, bo, est\u00e8tic, brillant, delici\u00f3s i fragant.<br \/>\nSublima un plat, real\u00e7a un peix, revela un plat a base de marisc.<br \/>\nEl Katsuobushi far\u00e0 que la truita m\u00e9s simple sigui saborosa i excel\u00b7lent.<br \/>\nRedu\u00eft a fins encenalls amb un ratllador tradicional, el Katsuobushi aporta notes de sabor arom\u00e0tiques, subtils i elegants.<br \/>\nL'&#8221;Umami&#8221; \u00e9s naturalment molt present.<\/p>\n<p>Katsuobushi de Yaizu venut per pe\u00e7a<\/p>\n<p>Les aplicacions culin\u00e0ries d&#8217;aquest producte no tindran l\u00edmits tret dels quals imposi la teva imaginaci\u00f3.<\/p>\n<p>El ratllador Katsuobushi:<br \/>\nAquest ratllador Katsuobushi est\u00e0 molt ben fet per a \u00fas diari a casa.<br \/>\nJa est\u00e0 ajustat per a obtenir encenalls molt fins.<br \/>\nQuan comences a ratllar el teu Katsuobushi, la part exterior continua sent for\u00e7a dura i produeix pols. Aquesta pols \u00e9s perfecta per condimentar brous, pastes, arrossos, verdures.<br \/>\nNom\u00e9s arribar a la part tova es formen els encenalls. Text: Nishikidori<\/p>\n","protected":false},"excerpt":{"rendered":"<p>El Katsuobushi \u00e9s un producte saludable, bo, est\u00e8tic, brillant, delici\u00f3s i fragant.<br \/>\nSublima un plat, real\u00e7a un peix, revela un plat a base de marisc.<br \/>\nEl rallador Katsuobushi \u00e9s l&#8217;eina clau per aconseguir un acabat perfecte del producte.<\/p>\n<p>Ingredients: 100% bonic (65-90g)<\/p>\n<p>Dimensions: ratllador: 165 x 54 x 50 mm<\/p>\n<p>&nbsp;<\/p>\n","protected":false},"featured_media":8208,"template":"","meta":{"_acf_changed":false},"product_brand":[],"product_cat":[77],"product_tag":[],"class_list":{"0":"post-8032","1":"product","2":"type-product","3":"status-publish","4":"has-post-thumbnail","6":"product_cat-gourmet-japones-gourmet-japones-ca","8":"first","9":"outofstock","10":"taxable","11":"shipping-taxable","12":"purchasable","13":"product-type-simple"},"acf":[],"_links":{"self":[{"href":"https:\/\/yamaaoi.com\/ca\/wp-json\/wp\/v2\/product\/8032","targetHints":{"allow":["GET"]}}],"collection":[{"href":"https:\/\/yamaaoi.com\/ca\/wp-json\/wp\/v2\/product"}],"about":[{"href":"https:\/\/yamaaoi.com\/ca\/wp-json\/wp\/v2\/types\/product"}],"wp:featuredmedia":[{"embeddable":true,"href":"https:\/\/yamaaoi.com\/ca\/wp-json\/wp\/v2\/media\/8208"}],"wp:attachment":[{"href":"https:\/\/yamaaoi.com\/ca\/wp-json\/wp\/v2\/media?parent=8032"}],"wp:term":[{"taxonomy":"product_brand","embeddable":true,"href":"https:\/\/yamaaoi.com\/ca\/wp-json\/wp\/v2\/product_brand?post=8032"},{"taxonomy":"product_cat","embeddable":true,"href":"https:\/\/yamaaoi.com\/ca\/wp-json\/wp\/v2\/product_cat?post=8032"},{"taxonomy":"product_tag","embeddable":true,"href":"https:\/\/yamaaoi.com\/ca\/wp-json\/wp\/v2\/product_tag?post=8032"}],"curies":[{"name":"wp","href":"https:\/\/api.w.org\/{rel}","templated":true}]}}