{"id":7893,"date":"2022-06-28T08:53:27","date_gmt":"2022-06-28T08:53:27","guid":{"rendered":"https:\/\/yamaaoi.com\/?post_type=product&#038;p=7893"},"modified":"2022-07-19T10:30:24","modified_gmt":"2022-07-19T10:30:24","slug":"sake-vaixella-pack-negre","status":"publish","type":"product","link":"https:\/\/yamaaoi.com\/ca\/productos\/sake-vaixella-pack-negre\/","title":{"rendered":"Sake Vaixella Pack Negre"},"content":{"rendered":"<p>Sake vaixella pack negre \u00e9s un elegant gerra sake de cer\u00e0mica de color negre, combinat amb quatre tasses del mateix color. Resistent a la calor i apte per a \u00fas a microones.<\/p>\n<p>Gerra:<\/p>\n<p>6.9x19cm<\/p>\n<p>400cc<\/p>\n<p>Tasses:<\/p>\n<p>4.4\u00d75.4cm<\/p>\n<p>50cc<\/p>\n","protected":false},"excerpt":{"rendered":"<p>Sake vaixella pack negre \u00e9s un elegant gerra sake de cer\u00e0mica de color negre, combinat amb quatre tasses del mateix color. Resistent a la calor i apte per a \u00fas a microones.<\/p>\n<p>Gerra:<\/p>\n<p>6.9x19cm<\/p>\n<p>400cc<\/p>\n<p>Tasses:<\/p>\n<p>4.4\u00d75.4cm<\/p>\n<p>50cc<\/p>\n<p>&nbsp;<\/p>\n<p>&nbsp;<\/p>\n","protected":false},"featured_media":7743,"template":"","meta":{"_acf_changed":false},"product_brand":[],"product_cat":[151],"product_tag":[],"class_list":{"0":"post-7893","1":"product","2":"type-product","3":"status-publish","4":"has-post-thumbnail","6":"product_cat-vaixella-sake-ca","8":"first","9":"instock","10":"sale","11":"taxable","12":"shipping-taxable","13":"purchasable","14":"product-type-simple"},"acf":[],"_links":{"self":[{"href":"https:\/\/yamaaoi.com\/ca\/wp-json\/wp\/v2\/product\/7893","targetHints":{"allow":["GET"]}}],"collection":[{"href":"https:\/\/yamaaoi.com\/ca\/wp-json\/wp\/v2\/product"}],"about":[{"href":"https:\/\/yamaaoi.com\/ca\/wp-json\/wp\/v2\/types\/product"}],"wp:featuredmedia":[{"embeddable":true,"href":"https:\/\/yamaaoi.com\/ca\/wp-json\/wp\/v2\/media\/7743"}],"wp:attachment":[{"href":"https:\/\/yamaaoi.com\/ca\/wp-json\/wp\/v2\/media?parent=7893"}],"wp:term":[{"taxonomy":"product_brand","embeddable":true,"href":"https:\/\/yamaaoi.com\/ca\/wp-json\/wp\/v2\/product_brand?post=7893"},{"taxonomy":"product_cat","embeddable":true,"href":"https:\/\/yamaaoi.com\/ca\/wp-json\/wp\/v2\/product_cat?post=7893"},{"taxonomy":"product_tag","embeddable":true,"href":"https:\/\/yamaaoi.com\/ca\/wp-json\/wp\/v2\/product_tag?post=7893"}],"curies":[{"name":"wp","href":"https:\/\/api.w.org\/{rel}","templated":true}]}}