{"id":7624,"date":"2022-05-24T14:27:45","date_gmt":"2022-05-24T14:27:45","guid":{"rendered":"https:\/\/yamaaoi.com\/?post_type=product&#038;p=7624"},"modified":"2022-06-21T11:57:08","modified_gmt":"2022-06-21T11:57:08","slug":"palets-de-fusta-marro-fosc-parell","status":"publish","type":"product","link":"https:\/\/yamaaoi.com\/ca\/productos\/palets-de-fusta-marro-fosc-parell\/","title":{"rendered":"PALETS DE FUSTA MARR\u00d3 FOSC (PARELL)"},"content":{"rendered":"<p>Palets de fusta d&#8217;alta qualitat. Color marr\u00f3 fosc secci\u00f3 quadrada. Fets de fusta massissa, no s\u00f3n f\u00e0cils de deformar, textura suau, estructura uniforme, ben combinats. Disseny ergon\u00f2mic, f\u00e0cil de fer servir i apte per a principiants.<br \/>\nEl cos quadrat i els palets de punta petita no s&#8217;enrotllaran f\u00e0cilment i recolliran b\u00e9 els aliments!<br \/>\nPodeu utilitzar-los per menjar fideus, amanides, olles calentes, sushi, barbacoa. \u00das ideal per a tots els sopars d&#8217;estil asi\u00e0tic i viatges de campament.<br \/>\nEstimats per tots els usuaris que usen palets.<\/p>\n<p>Parell (x2)<br \/>\nLongitud: 23,5 cm<\/p>\n","protected":false},"excerpt":{"rendered":"<p>Palets de fusta d&#8217;alta qualitat. Color marr\u00f3 fosc secci\u00f3 quadrada. Fets de fusta massissa, no s\u00f3n f\u00e0cils de deformar, textura suau, estructura uniforme, ben combinats. Disseny ergon\u00f2mic, f\u00e0cil de fer servir i apte per a principiants.<\/p>\n<p>Parell (x2)<br \/>\nLongitud: 23,5 cm<\/p>\n","protected":false},"featured_media":7724,"template":"","meta":{"_acf_changed":false},"product_brand":[],"product_cat":[84],"product_tag":[],"class_list":{"0":"post-7624","1":"product","2":"type-product","3":"status-publish","4":"has-post-thumbnail","6":"product_cat-palillos-ca","8":"first","9":"instock","10":"taxable","11":"shipping-taxable","12":"purchasable","13":"product-type-simple"},"acf":[],"_links":{"self":[{"href":"https:\/\/yamaaoi.com\/ca\/wp-json\/wp\/v2\/product\/7624","targetHints":{"allow":["GET"]}}],"collection":[{"href":"https:\/\/yamaaoi.com\/ca\/wp-json\/wp\/v2\/product"}],"about":[{"href":"https:\/\/yamaaoi.com\/ca\/wp-json\/wp\/v2\/types\/product"}],"wp:featuredmedia":[{"embeddable":true,"href":"https:\/\/yamaaoi.com\/ca\/wp-json\/wp\/v2\/media\/7724"}],"wp:attachment":[{"href":"https:\/\/yamaaoi.com\/ca\/wp-json\/wp\/v2\/media?parent=7624"}],"wp:term":[{"taxonomy":"product_brand","embeddable":true,"href":"https:\/\/yamaaoi.com\/ca\/wp-json\/wp\/v2\/product_brand?post=7624"},{"taxonomy":"product_cat","embeddable":true,"href":"https:\/\/yamaaoi.com\/ca\/wp-json\/wp\/v2\/product_cat?post=7624"},{"taxonomy":"product_tag","embeddable":true,"href":"https:\/\/yamaaoi.com\/ca\/wp-json\/wp\/v2\/product_tag?post=7624"}],"curies":[{"name":"wp","href":"https:\/\/api.w.org\/{rel}","templated":true}]}}