{"id":7602,"date":"2022-05-17T13:39:21","date_gmt":"2022-05-17T13:39:22","guid":{"rendered":"https:\/\/yamaaoi.com\/?post_type=product&#038;p=7602"},"modified":"2022-06-21T11:57:04","modified_gmt":"2022-06-21T11:57:04","slug":"reposa-de-pallets-hiramaru-fet-a-ma","status":"publish","type":"product","link":"https:\/\/yamaaoi.com\/ca\/productos\/reposa-de-pallets-hiramaru-fet-a-ma\/","title":{"rendered":"REPOSA DE PALLETS HIRAMARU FET A M\u00c0"},"content":{"rendered":"<p>Reposa palets fet a m\u00e0 de cer\u00e0mica d&#8217;alta qualitat. Material durador resistent a la calor (apte per a microones). Posa els teus coberts en aquest suport per a palets per evitar que colpegin la taula, aix\u00ed evitar\u00e0s el contacte directe amb la pols. Lleuger i compacte, f\u00e0cil de fer servir i emmagatzemar. Una combinaci\u00f3 perfecta amb palets, culleres, forquilles i altres estris de taula.<\/p>\n<p>&nbsp;<\/p>\n<p>4,6 \u00d7 1,4 cm<\/p>\n","protected":false},"excerpt":{"rendered":"<p>Reposa palets fet a m\u00e0 de cer\u00e0mica d&#8217;alta qualitat. Material durador resistent a la calor (apte per a microones).<\/p>\n<p>4.6\u00d71.4cm<\/p>\n","protected":false},"featured_media":8541,"template":"","meta":{"_acf_changed":false},"product_brand":[],"product_cat":[84],"product_tag":[],"class_list":{"0":"post-7602","1":"product","2":"type-product","3":"status-publish","4":"has-post-thumbnail","6":"product_cat-palillos-ca","8":"first","9":"outofstock","10":"taxable","11":"shipping-taxable","12":"purchasable","13":"product-type-simple"},"acf":[],"_links":{"self":[{"href":"https:\/\/yamaaoi.com\/ca\/wp-json\/wp\/v2\/product\/7602","targetHints":{"allow":["GET"]}}],"collection":[{"href":"https:\/\/yamaaoi.com\/ca\/wp-json\/wp\/v2\/product"}],"about":[{"href":"https:\/\/yamaaoi.com\/ca\/wp-json\/wp\/v2\/types\/product"}],"wp:featuredmedia":[{"embeddable":true,"href":"https:\/\/yamaaoi.com\/ca\/wp-json\/wp\/v2\/media\/8541"}],"wp:attachment":[{"href":"https:\/\/yamaaoi.com\/ca\/wp-json\/wp\/v2\/media?parent=7602"}],"wp:term":[{"taxonomy":"product_brand","embeddable":true,"href":"https:\/\/yamaaoi.com\/ca\/wp-json\/wp\/v2\/product_brand?post=7602"},{"taxonomy":"product_cat","embeddable":true,"href":"https:\/\/yamaaoi.com\/ca\/wp-json\/wp\/v2\/product_cat?post=7602"},{"taxonomy":"product_tag","embeddable":true,"href":"https:\/\/yamaaoi.com\/ca\/wp-json\/wp\/v2\/product_tag?post=7602"}],"curies":[{"name":"wp","href":"https:\/\/api.w.org\/{rel}","templated":true}]}}