{"id":7539,"date":"2022-05-13T09:21:23","date_gmt":"2022-05-13T09:21:23","guid":{"rendered":"https:\/\/yamaaoi.com\/?post_type=product&#038;p=7539"},"modified":"2022-05-17T18:42:48","modified_gmt":"2022-05-17T18:42:48","slug":"gerra-sake-tokkuri-feta-a-ma","status":"publish","type":"product","link":"https:\/\/yamaaoi.com\/ca\/productos\/gerra-sake-tokkuri-feta-a-ma\/","title":{"rendered":"GERRA SAKE TOKKURI FETA A M\u00c0"},"content":{"rendered":"<p>Elegant gerra sake de cer\u00e0mica color vidre negre. Resistent a la calor i apte per a \u00fas a microones.<\/p>\n<p>*segona gerra no inclosa<br \/>\n6.9x19cm<\/p>\n<p>400cc<\/p>\n","protected":false},"excerpt":{"rendered":"<p>Elegant gerra sake de cer\u00e0mica color vidre negre. Resistent a la calor i apte per a \u00fas a microones.<\/p>\n<p>&nbsp;<\/p>\n<p>&nbsp;<\/p>\n","protected":false},"featured_media":7557,"template":"","meta":{"_acf_changed":false},"product_brand":[],"product_cat":[151],"product_tag":[],"class_list":{"0":"post-7539","1":"product","2":"type-product","3":"status-publish","4":"has-post-thumbnail","6":"product_cat-vaixella-sake-ca","8":"first","9":"instock","10":"taxable","11":"shipping-taxable","12":"purchasable","13":"product-type-simple"},"acf":[],"_links":{"self":[{"href":"https:\/\/yamaaoi.com\/ca\/wp-json\/wp\/v2\/product\/7539","targetHints":{"allow":["GET"]}}],"collection":[{"href":"https:\/\/yamaaoi.com\/ca\/wp-json\/wp\/v2\/product"}],"about":[{"href":"https:\/\/yamaaoi.com\/ca\/wp-json\/wp\/v2\/types\/product"}],"wp:featuredmedia":[{"embeddable":true,"href":"https:\/\/yamaaoi.com\/ca\/wp-json\/wp\/v2\/media\/7557"}],"wp:attachment":[{"href":"https:\/\/yamaaoi.com\/ca\/wp-json\/wp\/v2\/media?parent=7539"}],"wp:term":[{"taxonomy":"product_brand","embeddable":true,"href":"https:\/\/yamaaoi.com\/ca\/wp-json\/wp\/v2\/product_brand?post=7539"},{"taxonomy":"product_cat","embeddable":true,"href":"https:\/\/yamaaoi.com\/ca\/wp-json\/wp\/v2\/product_cat?post=7539"},{"taxonomy":"product_tag","embeddable":true,"href":"https:\/\/yamaaoi.com\/ca\/wp-json\/wp\/v2\/product_tag?post=7539"}],"curies":[{"name":"wp","href":"https:\/\/api.w.org\/{rel}","templated":true}]}}