{"id":6948,"date":"2021-10-15T10:21:51","date_gmt":"2021-10-15T10:21:51","guid":{"rendered":"https:\/\/yamaaoi.com\/productos\/yuzu-fresco-amarillo\/"},"modified":"2022-08-23T08:55:42","modified_gmt":"2022-08-23T08:55:42","slug":"yuzu-fresco-amarillo","status":"publish","type":"product","link":"https:\/\/yamaaoi.com\/ca\/productos\/yuzu-fresco-amarillo\/","title":{"rendered":"Yuzu fresc groc"},"content":{"rendered":"<p><span class=\"hiddenSpellError\">Yuzu<\/span>\u00a0groc fresc d&#8217;alta qualitat produ\u00eft a la costa mediterr\u00e0nia valenciana.<br \/>\nEl\u00a0<span class=\"hiddenSpellError\">Yuzu<\/span>\u00a0(<span class=\"hiddenSpellError\">Citrus<\/span>\u00a0<span class=\"hiddenSpellError\">ichangensis<\/span>\u00a0X C.\u00a0<span class=\"hiddenSpellError\">reticulata<\/span>\u00a0var. austera) \u00e9s un &#8220;<span class=\"hiddenSpellError\">Ichandarin<\/span>&#8220;: un h\u00edbrid natural entre l&#8217;<span class=\"hiddenSpellError\">Ichang<\/span>\u00a0<span class=\"hiddenSpellError\">papeda<\/span>\u00a0i una mandarina xinesa. Produeix fruits \u00e0cids (4,5% d&#8217;acidesa) i molt arom\u00e0tics, el gust i l&#8217;aspecte dels quals recorda una fusi\u00f3 d&#8217;aranja, llima, mandarina i mango.<br \/>\nEs considera un ingredient essencial a la cuina asi\u00e0tica, japonesa i coreana. Forma part de la salsa\u00a0<span class=\"hiddenSpellError\">ponzu<\/span>\u00a0i de condiments com el\u00a0<span class=\"hiddenSpellError\">Yuzukosho<\/span>\u00a0(<span class=\"hiddenSpellError\">yuzu<\/span>\u00a0i pebre), el vinagre de\u00a0<span class=\"hiddenSpellError\">yuzu<\/span>, els licors, la sopa, el peix, els dol\u00e7os, les infusions, les melmelades, les cerveses, les aig\u00fces t\u00f2niques, les ginebres i t\u00e9 altres innombrables usos com la cosm\u00e8tica.\u00a0<span class=\"hiddenGrammarError\">i<\/span>\u00a0l&#8217;aromater\u00e0pia.<br \/>\nAporta tant a la carn com al peix un punt \u00e0cid de c\u00edtric, i aromes m\u00e9s dolces que recorden el mango o la mandarina comuna.<br \/>\nEs pot utilitzar com a alternativa a la llimona, millorant les seves bones propietats, principalment la pell i el suc pel seu intens i excel\u00b7lent aroma, amb 3 vegades m\u00e9s vitamina C que la llimona. El fruit cont\u00e9 unes 25 llavors que tenen diferents usos en cosm\u00e8tica i alimentaci\u00f3.<br \/>\nT\u00e9 una pell voluminosa, de vegades amb taques marrons que s\u00f3n el seu segell, i no afecten l&#8217;aroma.<br \/>\nEl seu cultiu \u00e9s molt complex, ja que les branques contenen espigues grans i esmolades i de creixement vertical, arribant a assolir els 5 metres d&#8217;al\u00e7ada. Des que se sembra no produeix les primeres fruites fins passats els\u00a0<span class=\"hiddenGreenError\">15<\/span>\u00a0anys.<\/p>\n","protected":false},"excerpt":{"rendered":"<p>Yuzu fresco amarillo<\/p>\n","protected":false},"featured_media":6073,"template":"","meta":{"_acf_changed":false},"product_brand":[],"product_cat":[183,86],"product_tag":[],"class_list":{"0":"post-6948","1":"product","2":"type-product","3":"status-publish","4":"has-post-thumbnail","6":"product_cat-citrics-ca","7":"product_cat-frescos-de-temporada-ca","9":"first","10":"outofstock","11":"taxable","12":"shipping-taxable","13":"purchasable","14":"product-type-variable"},"acf":[],"_links":{"self":[{"href":"https:\/\/yamaaoi.com\/ca\/wp-json\/wp\/v2\/product\/6948","targetHints":{"allow":["GET"]}}],"collection":[{"href":"https:\/\/yamaaoi.com\/ca\/wp-json\/wp\/v2\/product"}],"about":[{"href":"https:\/\/yamaaoi.com\/ca\/wp-json\/wp\/v2\/types\/product"}],"wp:featuredmedia":[{"embeddable":true,"href":"https:\/\/yamaaoi.com\/ca\/wp-json\/wp\/v2\/media\/6073"}],"wp:attachment":[{"href":"https:\/\/yamaaoi.com\/ca\/wp-json\/wp\/v2\/media?parent=6948"}],"wp:term":[{"taxonomy":"product_brand","embeddable":true,"href":"https:\/\/yamaaoi.com\/ca\/wp-json\/wp\/v2\/product_brand?post=6948"},{"taxonomy":"product_cat","embeddable":true,"href":"https:\/\/yamaaoi.com\/ca\/wp-json\/wp\/v2\/product_cat?post=6948"},{"taxonomy":"product_tag","embeddable":true,"href":"https:\/\/yamaaoi.com\/ca\/wp-json\/wp\/v2\/product_tag?post=6948"}],"curies":[{"name":"wp","href":"https:\/\/api.w.org\/{rel}","templated":true}]}}