{"id":6612,"date":"2018-06-10T13:53:16","date_gmt":"2018-06-10T13:53:16","guid":{"rendered":"https:\/\/yamaaoi.com\/productos\/wasabi-fresco-km0-pequeno\/"},"modified":"2023-09-27T08:26:05","modified_gmt":"2023-09-27T08:26:05","slug":"wasabi-fresc-km0-petit","status":"publish","type":"product","link":"https:\/\/yamaaoi.com\/ca\/productos\/wasabi-fresc-km0-petit\/","title":{"rendered":"Wasabi Fresc Km0 petit"},"content":{"rendered":"<p>Seleccionem les peces m\u00e9s petites del nostre Wasabi Fresc Km0 petit, amb el mateix sabor, picant i textura que les grans.<\/p>\n<p>El wasabi fresc \u00e9s un dels condiments emblem\u00e0tics de la cuina japonesa. Habitualment acompanya el sushi, sashimi o soba, per\u00f2 tamb\u00e9 combina perfectament amb un bon entrecot!<\/p>\n<p>El nostre wasabi creix en un entorn en equilibri de sol, ombra, temperatura i humitat que us proporcionen les condicions ideals per al seu creixement, amb l&#8217;ajuda de l&#8217;aigua cristal\u00b7lina del Montseny. El seu cultiu, de m\u00e9s de dos anys, \u00e9s un dels m\u00e9s complexos del m\u00f3n i molt poques produccions han prosperat fora del Jap\u00f3.<\/p>\n<p>La veritable pasta de wasabi s&#8217;obt\u00e9 ratllant el tronc en un ratllador especial. En aquest proc\u00e9s es desprenen els alilo isotiocianats naturals, que aporten una aroma picant i fresca en pujar per les fosses nasals i es dissipa r\u00e0pidament a la boca deixant un sabor dol\u00e7 i refrescant. Aquest plaer sensorial dura un instant i nom\u00e9s passa quan es degusta entre 2 i 15 minuts despr\u00e9s de ser ratllat.<\/p>\n<p>No oblidis adquirir l&#8217;indispensable ratllador de wasabi, si no ho tens ja. Sense aconseguir fer la veritable pasta de wasabi no \u00e9s possible!<\/p>\n","protected":false},"excerpt":{"rendered":"<p>Seleccionem les peces m\u00e9s petites del nostre Wasabi Fresc Km0 petit, amb el mateix sabor, picant i textura que les grans.<\/p>\n<p>*ATENCI\u00d3: Estem en el proc\u00e9s de moure el nostre wasabi a un nou empla\u00e7ament, aix\u00ed que temporalment, el wasabi servit ser\u00e0 d&#8217;importaci\u00f3.<\/p>\n<p>No oblidis adquirir l&#8217;indispensable ratllador de wasabi, si no ho tens ja. Sense aconseguir fer la veritable pasta de wasabi no \u00e9s possible!<\/p>\n","protected":false},"featured_media":6005,"template":"","meta":{"_acf_changed":false},"product_brand":[],"product_cat":[89],"product_tag":[],"class_list":{"0":"post-6612","1":"product","2":"type-product","3":"status-publish","4":"has-post-thumbnail","6":"product_cat-wasabi-fresc-wasabi-fresc","8":"first","9":"instock","10":"featured","11":"taxable","12":"shipping-taxable","13":"purchasable","14":"product-type-variable"},"acf":[],"_links":{"self":[{"href":"https:\/\/yamaaoi.com\/ca\/wp-json\/wp\/v2\/product\/6612","targetHints":{"allow":["GET"]}}],"collection":[{"href":"https:\/\/yamaaoi.com\/ca\/wp-json\/wp\/v2\/product"}],"about":[{"href":"https:\/\/yamaaoi.com\/ca\/wp-json\/wp\/v2\/types\/product"}],"wp:featuredmedia":[{"embeddable":true,"href":"https:\/\/yamaaoi.com\/ca\/wp-json\/wp\/v2\/media\/6005"}],"wp:attachment":[{"href":"https:\/\/yamaaoi.com\/ca\/wp-json\/wp\/v2\/media?parent=6612"}],"wp:term":[{"taxonomy":"product_brand","embeddable":true,"href":"https:\/\/yamaaoi.com\/ca\/wp-json\/wp\/v2\/product_brand?post=6612"},{"taxonomy":"product_cat","embeddable":true,"href":"https:\/\/yamaaoi.com\/ca\/wp-json\/wp\/v2\/product_cat?post=6612"},{"taxonomy":"product_tag","embeddable":true,"href":"https:\/\/yamaaoi.com\/ca\/wp-json\/wp\/v2\/product_tag?post=6612"}],"curies":[{"name":"wp","href":"https:\/\/api.w.org\/{rel}","templated":true}]}}