{"id":6603,"date":"2018-06-11T07:16:12","date_gmt":"2018-06-11T07:16:12","guid":{"rendered":"https:\/\/yamaaoi.com\/productos\/wasabi-fresco-km0-grande\/"},"modified":"2023-09-27T08:31:19","modified_gmt":"2023-09-27T08:31:19","slug":"wasabi-fresc-km0-gran","status":"publish","type":"product","link":"https:\/\/yamaaoi.com\/ca\/productos\/wasabi-fresc-km0-gran\/","title":{"rendered":"Wasabi Fresc Km0 gran"},"content":{"rendered":"<p>Tria la pe\u00e7a de mida que m\u00e9s t&#8217;agradi del nostre wasabi fresc Km0 gran (50-100g). La collirem especialment per a tu!<br \/>\nEl wasabi fresc \u00e9s un dels condiments emblem\u00e0tics de la cuina japonesa. Habitualment acompanya el sushi, sashimi o soba, per\u00f2 tamb\u00e9 combina perfectament amb un bon entrecot!<br \/>\nEl nostre wasabi creix en un entorn en equilibri de sol, ombra, temperatura i humitat que proporcionen les condicions ideals per al seu creixement, amb l&#8217;ajuda de l&#8217;aigua cristal\u00b7lina del Montseny.<\/p>\n<p>El seu cultiu, de m\u00e9s de dos anys, \u00e9s un dels m\u00e9s complexos del m\u00f3n i molt poques produccions han prosperat fora del Jap\u00f3.<\/p>\n<p>La veritable pasta de wasabi s&#8217;obt\u00e9 ratllant el tronc en un ratllador especial. En aquest proc\u00e9s es desprenen els alilo isotiocianats naturals, que aporten una aroma picant i fresca en pujar per les fosses nasals i es dissipa r\u00e0pidament a la boca deixant un sabor dol\u00e7 i refrescant. Aquest plaer sensorial dura un instant i nom\u00e9s passa quan es degusta entre 2 i 15 minuts despr\u00e9s de ser ratllat.<br \/>\nRecordeu que el ratllador de wasabi \u00e9s un accessori indispensable!<\/p>\n","protected":false},"excerpt":{"rendered":"<p>Tria la pe\u00e7a de mida que m\u00e9s t&#8217;agradi del nostre wasabi fresc Km0 gran (50-100g). La collirem especialment per a tu!<\/p>\n<p>*ATENCI\u00d3: Estem en el proc\u00e9s de moure el nostre wasabi a un nou empla\u00e7ament, aix\u00ed que temporalment, el wasabi fresc servit ser\u00e0 d&#8217;importaci\u00f3 del Jap\u00f3.<br \/>\nEl wasabi fresc \u00e9s un dels condiments emblem\u00e0tics de la cuina japonesa. Habitualment acompanya el sushi, sashimi o soba, per\u00f2 tamb\u00e9 combina perfectament amb un bon entrecot!<br \/>\nEl nostre wasabi creix en un entorn en equilibri de sol, ombra, temperatura i humitat que proporcionen les condicions ideals per al seu creixement, amb l&#8217;ajuda de l&#8217;aigua cristal\u00b7lina del Montseny.<\/p>\n<p>El seu cultiu, de m\u00e9s de dos anys, \u00e9s un dels m\u00e9s complexos del m\u00f3n i molt poques produccions han prosperat fora del Jap\u00f3.<\/p>\n<p>La veritable pasta de wasabi s&#8217;obt\u00e9 ratllant el tronc en un ratllador especial. En aquest proc\u00e9s es desprenen els alilo isotiocianats naturals, que aporten una aroma picant i fresca en pujar per les fosses nasals i es dissipa r\u00e0pidament a la boca deixant un sabor dol\u00e7 i refrescant. Aquest plaer sensorial dura un instant i nom\u00e9s passa quan es degusta entre 2 i 15 minuts despr\u00e9s de ser ratllat.<br \/>\nRecordeu que el ratllador de wasabi \u00e9s un accessori indispensable!<\/p>\n","protected":false},"featured_media":6003,"template":"","meta":{"_acf_changed":false},"product_brand":[],"product_cat":[89],"product_tag":[],"class_list":{"0":"post-6603","1":"product","2":"type-product","3":"status-publish","4":"has-post-thumbnail","6":"product_cat-wasabi-fresc-wasabi-fresc","8":"first","9":"instock","10":"taxable","11":"shipping-taxable","12":"purchasable","13":"product-type-variable"},"acf":[],"_links":{"self":[{"href":"https:\/\/yamaaoi.com\/ca\/wp-json\/wp\/v2\/product\/6603","targetHints":{"allow":["GET"]}}],"collection":[{"href":"https:\/\/yamaaoi.com\/ca\/wp-json\/wp\/v2\/product"}],"about":[{"href":"https:\/\/yamaaoi.com\/ca\/wp-json\/wp\/v2\/types\/product"}],"wp:featuredmedia":[{"embeddable":true,"href":"https:\/\/yamaaoi.com\/ca\/wp-json\/wp\/v2\/media\/6003"}],"wp:attachment":[{"href":"https:\/\/yamaaoi.com\/ca\/wp-json\/wp\/v2\/media?parent=6603"}],"wp:term":[{"taxonomy":"product_brand","embeddable":true,"href":"https:\/\/yamaaoi.com\/ca\/wp-json\/wp\/v2\/product_brand?post=6603"},{"taxonomy":"product_cat","embeddable":true,"href":"https:\/\/yamaaoi.com\/ca\/wp-json\/wp\/v2\/product_cat?post=6603"},{"taxonomy":"product_tag","embeddable":true,"href":"https:\/\/yamaaoi.com\/ca\/wp-json\/wp\/v2\/product_tag?post=6603"}],"curies":[{"name":"wp","href":"https:\/\/api.w.org\/{rel}","templated":true}]}}