{"id":6596,"date":"2018-06-13T13:45:22","date_gmt":"2018-06-13T13:45:22","guid":{"rendered":"https:\/\/yamaaoi.com\/productos\/rallador-de-wasabi-fresco-samekichi\/"},"modified":"2022-03-29T13:59:54","modified_gmt":"2022-03-29T13:59:54","slug":"ratllador-de-wasabi-fresc-samekichi","status":"publish","type":"product","link":"https:\/\/yamaaoi.com\/ca\/productos\/ratllador-de-wasabi-fresc-samekichi\/","title":{"rendered":"Ratllador de wasabi fresc Samekichi"},"content":{"rendered":"<p>Ratllador de wasabi fresc Samekichi d&#8217;acer, amb fulles petites en un patr\u00f3 irregular, imitant els patrons del ratllador tradicional de pell de taur\u00f3.<\/p>\n<p>Aconsegueix la textura cremosa ideal en ratllar el teu wasabi. Aquest model \u00e9s un dels m\u00e9s apreciats al Jap\u00f3, fins i tot pels productors de wasabi. La millor alternativa al ratllador tradicional de pell de taur\u00f3.<\/p>\n","protected":false},"excerpt":{"rendered":"<p>Ratllador de wasabi fresc Samekichi d&#8217;acer, amb fulles petites en un patr\u00f3 irregular, imitant els patrons del ratllador tradicional de pell de taur\u00f3.<\/p>\n<p>Aconsegueix la textura cremosa ideal en ratllar el teu wasabi. Aquest model \u00e9s un dels m\u00e9s apreciats al Jap\u00f3, fins i tot pels productors de wasabi. La millor alternativa al ratllador tradicional de pell de taur\u00f3.<\/p>\n","protected":false},"featured_media":6063,"template":"","meta":{"_acf_changed":false},"product_brand":[],"product_cat":[88],"product_tag":[],"class_list":{"0":"post-6596","1":"product","2":"type-product","3":"status-publish","4":"has-post-thumbnail","6":"product_cat-ralladores-wasabi-ca","8":"first","9":"instock","10":"featured","11":"taxable","12":"shipping-taxable","13":"purchasable","14":"product-type-variable"},"acf":[],"_links":{"self":[{"href":"https:\/\/yamaaoi.com\/ca\/wp-json\/wp\/v2\/product\/6596","targetHints":{"allow":["GET"]}}],"collection":[{"href":"https:\/\/yamaaoi.com\/ca\/wp-json\/wp\/v2\/product"}],"about":[{"href":"https:\/\/yamaaoi.com\/ca\/wp-json\/wp\/v2\/types\/product"}],"wp:featuredmedia":[{"embeddable":true,"href":"https:\/\/yamaaoi.com\/ca\/wp-json\/wp\/v2\/media\/6063"}],"wp:attachment":[{"href":"https:\/\/yamaaoi.com\/ca\/wp-json\/wp\/v2\/media?parent=6596"}],"wp:term":[{"taxonomy":"product_brand","embeddable":true,"href":"https:\/\/yamaaoi.com\/ca\/wp-json\/wp\/v2\/product_brand?post=6596"},{"taxonomy":"product_cat","embeddable":true,"href":"https:\/\/yamaaoi.com\/ca\/wp-json\/wp\/v2\/product_cat?post=6596"},{"taxonomy":"product_tag","embeddable":true,"href":"https:\/\/yamaaoi.com\/ca\/wp-json\/wp\/v2\/product_tag?post=6596"}],"curies":[{"name":"wp","href":"https:\/\/api.w.org\/{rel}","templated":true}]}}