{"id":6591,"date":"2018-06-14T07:25:44","date_gmt":"2018-06-14T07:25:44","guid":{"rendered":"https:\/\/yamaaoi.com\/productos\/hoja-de-wasabi-fresco\/"},"modified":"2022-03-29T13:58:50","modified_gmt":"2022-03-29T13:58:50","slug":"fulla-de-wasabi-fresc","status":"publish","type":"product","link":"https:\/\/yamaaoi.com\/ca\/productos\/fulla-de-wasabi-fresc\/","title":{"rendered":"Fulla de wasabi fresc"},"content":{"rendered":"<p>La fulla de wasabi fresc \u00e9s una altra delicatessen d&#8217;aquesta planta \u00fanica. Bon\u00edssima tant crua, com en tempura o escaldada, conserva el seu sabor a wasabi i aquest toc caracter\u00edstic de picant.<br \/>\nDisponible pr\u00e0cticament tot l\u00b4any!<\/p>\n","protected":false},"excerpt":{"rendered":"<p>La fulla de wasabi fresc \u00e9s una altra delicatessen d&#8217;aquesta planta \u00fanica. Bon\u00edssima tant crua, com en tempura o escaldada, conserva el seu sabor a wasabi i aquest toc caracter\u00edstic de picant.<br \/>\nDisponible pr\u00e0cticament tot l\u00b4any!<\/p>\n","protected":false},"featured_media":6001,"template":"","meta":{"_acf_changed":false},"product_brand":[],"product_cat":[92],"product_tag":[],"class_list":{"0":"post-6591","1":"product","2":"type-product","3":"status-publish","4":"has-post-thumbnail","6":"product_cat-flor-y-hoja-wasabi-ca","8":"first","9":"outofstock","10":"taxable","11":"shipping-taxable","12":"purchasable","13":"product-type-simple"},"acf":[],"_links":{"self":[{"href":"https:\/\/yamaaoi.com\/ca\/wp-json\/wp\/v2\/product\/6591","targetHints":{"allow":["GET"]}}],"collection":[{"href":"https:\/\/yamaaoi.com\/ca\/wp-json\/wp\/v2\/product"}],"about":[{"href":"https:\/\/yamaaoi.com\/ca\/wp-json\/wp\/v2\/types\/product"}],"wp:featuredmedia":[{"embeddable":true,"href":"https:\/\/yamaaoi.com\/ca\/wp-json\/wp\/v2\/media\/6001"}],"wp:attachment":[{"href":"https:\/\/yamaaoi.com\/ca\/wp-json\/wp\/v2\/media?parent=6591"}],"wp:term":[{"taxonomy":"product_brand","embeddable":true,"href":"https:\/\/yamaaoi.com\/ca\/wp-json\/wp\/v2\/product_brand?post=6591"},{"taxonomy":"product_cat","embeddable":true,"href":"https:\/\/yamaaoi.com\/ca\/wp-json\/wp\/v2\/product_cat?post=6591"},{"taxonomy":"product_tag","embeddable":true,"href":"https:\/\/yamaaoi.com\/ca\/wp-json\/wp\/v2\/product_tag?post=6591"}],"curies":[{"name":"wp","href":"https:\/\/api.w.org\/{rel}","templated":true}]}}