{"id":6580,"date":"2018-06-19T13:46:05","date_gmt":"2018-06-19T13:46:05","guid":{"rendered":"https:\/\/yamaaoi.com\/productos\/wasabi-fresco-km0-o-importacion-japon-para-restauracion\/"},"modified":"2022-04-08T09:56:10","modified_gmt":"2022-04-08T09:56:10","slug":"wasabi-fresc-km0-o-importacio-japo-per-restauracio-al-major","status":"publish","type":"product","link":"https:\/\/yamaaoi.com\/ca\/productos\/wasabi-fresc-km0-o-importacio-japo-per-restauracio-al-major\/","title":{"rendered":"WASABI FRESC KM0 O IMPORTACI\u00d3 JAP\u00d3 PER RESTAURACI\u00d3 AL MAJOR"},"content":{"rendered":"<p>WASABI FRESC KM0 O IMPORTACI\u00d3 JAP\u00d3 PER RESTAURACI\u00d3 AL MAJOR.<strong> DISPONIBLE NOM\u00c9S PER A PROFESSIONALS DEL SECTOR.<\/strong><br \/>\nSI US PLAU CONACTE AMB NOSALTRES: E-mail: INFO@YAMAAOI.COM o Telf. +34 682 902 524<br \/>\nYamaaoi Wasabi, a m\u00e9s de ser l&#8217;\u00fanic <strong>PRODUCTOR<\/strong> de wasabi a tota la Mediterr\u00e0nia, som <strong>IMPORTADOR<\/strong> de wasabi fresc japon\u00e8s de primera qualitat. Portem el wasabi directament dels nostres companys productors a les famoses regions de Nagano i Shizuoka, conegudes per produir el millor wasabi del M\u00f3n.<\/p>\n","protected":false},"excerpt":{"rendered":"<p>WASABI FRESC KM0 O IMPORTACI\u00d3 JAP\u00d3 PER RESTAURACI\u00d3 AL MAJOR.<strong> DISPONIBLE NOM\u00c9S PER A PROFESSIONALS DEL SECTOR.<\/strong><br \/>\nSI US PLAU CONACTE AMB NOSALTRES: E-mail: INFO@YAMAAOI.COM o Telf. +34 682 902 524<br \/>\nYamaaoi Wasabi, a m\u00e9s de ser l&#8217;\u00fanic <strong>PRODUCTOR<\/strong> de wasabi a tota la Mediterr\u00e0nia, som <strong>IMPORTADOR<\/strong> de wasabi fresc japon\u00e8s de primera qualitat. Portem el wasabi directament dels nostres companys productors a les famoses regions de Nagano i Shizuoka, conegudes per produir el millor wasabi del M\u00f3n.<\/p>\n","protected":false},"featured_media":6171,"template":"","meta":{"_acf_changed":false},"product_brand":[],"product_cat":[89],"product_tag":[],"class_list":{"0":"post-6580","1":"product","2":"type-product","3":"status-publish","4":"has-post-thumbnail","6":"product_cat-wasabi-fresc-wasabi-fresc","8":"first","9":"instock","10":"featured","11":"taxable","12":"shipping-taxable","13":"product-type-simple"},"acf":[],"_links":{"self":[{"href":"https:\/\/yamaaoi.com\/ca\/wp-json\/wp\/v2\/product\/6580","targetHints":{"allow":["GET"]}}],"collection":[{"href":"https:\/\/yamaaoi.com\/ca\/wp-json\/wp\/v2\/product"}],"about":[{"href":"https:\/\/yamaaoi.com\/ca\/wp-json\/wp\/v2\/types\/product"}],"wp:featuredmedia":[{"embeddable":true,"href":"https:\/\/yamaaoi.com\/ca\/wp-json\/wp\/v2\/media\/6171"}],"wp:attachment":[{"href":"https:\/\/yamaaoi.com\/ca\/wp-json\/wp\/v2\/media?parent=6580"}],"wp:term":[{"taxonomy":"product_brand","embeddable":true,"href":"https:\/\/yamaaoi.com\/ca\/wp-json\/wp\/v2\/product_brand?post=6580"},{"taxonomy":"product_cat","embeddable":true,"href":"https:\/\/yamaaoi.com\/ca\/wp-json\/wp\/v2\/product_cat?post=6580"},{"taxonomy":"product_tag","embeddable":true,"href":"https:\/\/yamaaoi.com\/ca\/wp-json\/wp\/v2\/product_tag?post=6580"}],"curies":[{"name":"wp","href":"https:\/\/api.w.org\/{rel}","templated":true}]}}