{"id":6573,"date":"2020-06-04T11:25:34","date_gmt":"2020-06-04T11:25:34","guid":{"rendered":"https:\/\/yamaaoi.com\/productos\/flor-de-wasabi-fresco\/"},"modified":"2022-03-29T13:58:16","modified_gmt":"2022-03-29T13:58:16","slug":"flor-de-wasabi-fresca","status":"publish","type":"product","link":"https:\/\/yamaaoi.com\/ca\/productos\/flor-de-wasabi-fresca\/","title":{"rendered":"Flor de Wasabi Fresca &#8211; 100gr"},"content":{"rendered":"<p>Comen\u00e7a la floraci\u00f3 i el wasabi ens indica que ens apropem al final de l\u00b4hivern. Aquesta joia gastron\u00f2mica nom\u00e9s la tenim un parell de mesos a l&#8217;any i aix\u00f2 la fa m\u00e9s irresistible!<\/p>\n<p>La flor de wasabi \u00e9s la part m\u00e9s suau de la planta, els mateixos sabors, per\u00f2 m\u00e9s subtils, dol\u00e7os i com no&#8230; amb el seu puntet de picant! Els usos culinaris s\u00f3n molt semblants a la fulla, afegint-hi les seves infinites possibilitats decoratives.<\/p>\n","protected":false},"excerpt":{"rendered":"<p>La flor de wasabi \u00e9s la part m\u00e9s suau de la planta, els mateixos sabors, per\u00f2 m\u00e9s subtils, dol\u00e7os i com no&#8230; amb el seu puntet de picant!<\/p>\n<p>Aquesta joia gastron\u00f2mica nom\u00e9s la tenim un parell de mesos a l&#8217;any i aix\u00f2 la fa m\u00e9s irresistible!<\/p>\n<p>&nbsp;<\/p>\n","protected":false},"featured_media":5999,"template":"","meta":{"_acf_changed":false},"product_brand":[],"product_cat":[92],"product_tag":[],"class_list":{"0":"post-6573","1":"product","2":"type-product","3":"status-publish","4":"has-post-thumbnail","6":"product_cat-flor-y-hoja-wasabi-ca","8":"first","9":"outofstock","10":"featured","11":"taxable","12":"shipping-taxable","13":"purchasable","14":"product-type-simple"},"acf":[],"_links":{"self":[{"href":"https:\/\/yamaaoi.com\/ca\/wp-json\/wp\/v2\/product\/6573","targetHints":{"allow":["GET"]}}],"collection":[{"href":"https:\/\/yamaaoi.com\/ca\/wp-json\/wp\/v2\/product"}],"about":[{"href":"https:\/\/yamaaoi.com\/ca\/wp-json\/wp\/v2\/types\/product"}],"wp:featuredmedia":[{"embeddable":true,"href":"https:\/\/yamaaoi.com\/ca\/wp-json\/wp\/v2\/media\/5999"}],"wp:attachment":[{"href":"https:\/\/yamaaoi.com\/ca\/wp-json\/wp\/v2\/media?parent=6573"}],"wp:term":[{"taxonomy":"product_brand","embeddable":true,"href":"https:\/\/yamaaoi.com\/ca\/wp-json\/wp\/v2\/product_brand?post=6573"},{"taxonomy":"product_cat","embeddable":true,"href":"https:\/\/yamaaoi.com\/ca\/wp-json\/wp\/v2\/product_cat?post=6573"},{"taxonomy":"product_tag","embeddable":true,"href":"https:\/\/yamaaoi.com\/ca\/wp-json\/wp\/v2\/product_tag?post=6573"}],"curies":[{"name":"wp","href":"https:\/\/api.w.org\/{rel}","templated":true}]}}