{"id":6561,"date":"2020-06-04T11:51:42","date_gmt":"2020-06-04T11:51:42","guid":{"rendered":"https:\/\/yamaaoi.com\/productos\/pincel-wasabi-fibra-orquidea\/"},"modified":"2022-01-14T14:55:35","modified_gmt":"2022-01-14T14:55:35","slug":"pinzell-wasabi-fibra-orquidia","status":"publish","type":"product","link":"https:\/\/yamaaoi.com\/ca\/productos\/pinzell-wasabi-fibra-orquidia\/","title":{"rendered":"Pinzell Wasabi Fibra Orqu\u00eddia"},"content":{"rendered":"<p>L&#8217;elegant Pinzell Wasabi Fibra Pakin japon\u00e8s \u00e9s ideal per treballar i recollir la pasta de wasabi, del nostre ratllador. Les seves m\u00faltiples fibres fan possible un aprofitament total de la nostra del\u00edcia!<\/p>\n<p>\u00c9s un pinzell de gran durabilitat i molt higrosc\u00f2pic.<\/p>\n","protected":false},"excerpt":{"rendered":"<p>L&#8217;elegant Pinzell Wasabi Fibra Pakin japon\u00e8s \u00e9s ideal per treballar i recollir la pasta de wasabi, del nostre ratllador. Les seves m\u00faltiples fibres fan possible un aprofitament total de la nostra del\u00edcia!<\/p>\n<p>\u00c9s un pinzell de gran durabilitat i molt higrosc\u00f2pic.<\/p>\n","protected":false},"featured_media":5993,"template":"","meta":{"_acf_changed":false},"product_brand":[],"product_cat":[91],"product_tag":[],"class_list":{"0":"post-6561","1":"product","2":"type-product","3":"status-publish","4":"has-post-thumbnail","6":"product_cat-pinceles-wasabi-ca","8":"first","9":"instock","10":"taxable","11":"shipping-taxable","12":"purchasable","13":"product-type-variable"},"acf":[],"_links":{"self":[{"href":"https:\/\/yamaaoi.com\/ca\/wp-json\/wp\/v2\/product\/6561","targetHints":{"allow":["GET"]}}],"collection":[{"href":"https:\/\/yamaaoi.com\/ca\/wp-json\/wp\/v2\/product"}],"about":[{"href":"https:\/\/yamaaoi.com\/ca\/wp-json\/wp\/v2\/types\/product"}],"wp:featuredmedia":[{"embeddable":true,"href":"https:\/\/yamaaoi.com\/ca\/wp-json\/wp\/v2\/media\/5993"}],"wp:attachment":[{"href":"https:\/\/yamaaoi.com\/ca\/wp-json\/wp\/v2\/media?parent=6561"}],"wp:term":[{"taxonomy":"product_brand","embeddable":true,"href":"https:\/\/yamaaoi.com\/ca\/wp-json\/wp\/v2\/product_brand?post=6561"},{"taxonomy":"product_cat","embeddable":true,"href":"https:\/\/yamaaoi.com\/ca\/wp-json\/wp\/v2\/product_cat?post=6561"},{"taxonomy":"product_tag","embeddable":true,"href":"https:\/\/yamaaoi.com\/ca\/wp-json\/wp\/v2\/product_tag?post=6561"}],"curies":[{"name":"wp","href":"https:\/\/api.w.org\/{rel}","templated":true}]}}