{"id":6539,"date":"2020-12-16T12:04:16","date_gmt":"2020-12-16T12:04:16","guid":{"rendered":"https:\/\/yamaaoi.com\/productos\/planta-de-wasabi-5xpack\/"},"modified":"2022-06-30T09:33:12","modified_gmt":"2022-06-30T09:33:12","slug":"planta-de-wasabi-5xpack","status":"publish","type":"product","link":"https:\/\/yamaaoi.com\/ca\/productos\/planta-de-wasabi-5xpack\/","title":{"rendered":"Planta de Wasabi 5xPack"},"content":{"rendered":"<p>Pack de 5 plantes de wasabi, cadascuna al test biodegradable. La planta de wasabi (Wasabia japonica) \u00e9s origin\u00e0ria del Jap\u00f3, on creix en rius de muntanya. No obstant aix\u00f2, \u00e9s una planta que tamb\u00e9 s&#8217;adapta b\u00e9 a viure, tant en un test, com en jard\u00ed, on poden durar uns quants anys.<br \/>\nAconseguir un tronc per ratllar, sembla complicat (encara que no impossible!). Molt probablement aconsegueixis collir fulles i flors, que podr\u00e0s gaudir en amanides, tempura, escaldades, o simplement de decoraci\u00f3.<br \/>\nAmb una mica de sort, la planta tregui fillols, que podr\u00e0s trasplantar i fer cr\u00e9ixer el teu jard\u00ed de wasabi, a casa!<\/p>\n","protected":false},"excerpt":{"rendered":"<p>La planta de wasabi (Wasabia japonica) \u00e9s origin\u00e0ria del Jap\u00f3, on creix en rius de muntanya. No obstant aix\u00f2, \u00e9s una planta que tamb\u00e9 s&#8217;adapta b\u00e9 a viure, tant en un test, com en jard\u00ed, on poden durar uns quants anys.<br \/>\nAconseguir un tronc per ratllar, sembla complicat (encara que no impossible!). Molt probablement aconsegueixis collir fulles i flors, que podr\u00e0s gaudir en amanides, tempura, escaldades, o simplement de decoraci\u00f3.<br \/>\nAmb una mica de sort, la planta tregui fillols, que podr\u00e0s trasplantar i fer cr\u00e9ixer el teu jard\u00ed de wasabi, a casa!<\/p>\n<p>[su_button url=\"\/wp-content\/uploads\/2020\/08\/Com-cultivar-wasabi-en-casa.pdf\" target=\"blank\" background=\"#33835C\" center=\"no\"]Descarrega la nostra guia de cultiu en PDF[\/el seu_button]<\/p>\n","protected":false},"featured_media":5981,"template":"","meta":{"_acf_changed":false},"product_brand":[],"product_cat":[90],"product_tag":[],"class_list":{"0":"post-6539","1":"product","2":"type-product","3":"status-publish","4":"has-post-thumbnail","6":"product_cat-plantes","8":"first","9":"outofstock","10":"sale","11":"taxable","12":"shipping-taxable","13":"purchasable","14":"product-type-simple"},"acf":[],"_links":{"self":[{"href":"https:\/\/yamaaoi.com\/ca\/wp-json\/wp\/v2\/product\/6539","targetHints":{"allow":["GET"]}}],"collection":[{"href":"https:\/\/yamaaoi.com\/ca\/wp-json\/wp\/v2\/product"}],"about":[{"href":"https:\/\/yamaaoi.com\/ca\/wp-json\/wp\/v2\/types\/product"}],"wp:featuredmedia":[{"embeddable":true,"href":"https:\/\/yamaaoi.com\/ca\/wp-json\/wp\/v2\/media\/5981"}],"wp:attachment":[{"href":"https:\/\/yamaaoi.com\/ca\/wp-json\/wp\/v2\/media?parent=6539"}],"wp:term":[{"taxonomy":"product_brand","embeddable":true,"href":"https:\/\/yamaaoi.com\/ca\/wp-json\/wp\/v2\/product_brand?post=6539"},{"taxonomy":"product_cat","embeddable":true,"href":"https:\/\/yamaaoi.com\/ca\/wp-json\/wp\/v2\/product_cat?post=6539"},{"taxonomy":"product_tag","embeddable":true,"href":"https:\/\/yamaaoi.com\/ca\/wp-json\/wp\/v2\/product_tag?post=6539"}],"curies":[{"name":"wp","href":"https:\/\/api.w.org\/{rel}","templated":true}]}}