{"id":6526,"date":"2021-02-10T12:12:53","date_gmt":"2021-02-10T12:12:53","guid":{"rendered":"https:\/\/yamaaoi.com\/productos\/wasabi-fresco-importacion-japon-grande\/"},"modified":"2022-01-14T12:59:57","modified_gmt":"2022-01-14T12:59:57","slug":"wasabi-fresc-importacio-japo-gran","status":"publish","type":"product","link":"https:\/\/yamaaoi.com\/ca\/productos\/wasabi-fresc-importacio-japo-gran\/","title":{"rendered":"Wasabi Fresc Importaci\u00f3 Jap\u00f3 Gran"},"content":{"rendered":"<p>Trieu la pe\u00e7a de mida que m\u00e9s t&#8217;agradi del Wasabi Fresc Importaci\u00f3 Jap\u00f3 Gran (50-100g).<br \/>\nEl wasabi fresc \u00e9s un dels condiments emblem\u00e0tics de la cuina japonesa. Habitualment acompanya el sushi, sashimi o soba, per\u00f2 tamb\u00e9 combina perfectament amb un bon entrecot!<br \/>\nYamaaoi Wasabi, a m\u00e9s de ser el primer productor de wasabi a tota la Mediterr\u00e0nia, som importadors de wasabi fresc japon\u00e8s de primera qualitat. Portem el wasabi directament dels nostres companys productors a les famoses regions de Nagano i Shizuoka, conegudes per produir el millor wasabi del M\u00f3n.<br \/>\nLa veritable pasta de wasabi s&#8217;obt\u00e9 ratllant el tronc en un ratllador especial. En aquest proc\u00e9s es desprenen els alilo isotiocianats naturals, que aporten una aroma picant i fresca en pujar per les fosses nasals i es dissipa r\u00e0pidament a la boca deixant un sabor dol\u00e7 i refrescant. Aquest plaer sensorial dura un instant i nom\u00e9s passa quan es degusta entre 2 i 15 minuts despr\u00e9s de ser ratllat.<br \/>\nRecordeu que el ratllador de wasabi \u00e9s un accessori indispensable!<\/p>\n","protected":false},"excerpt":{"rendered":"<p>Trieu la pe\u00e7a de mida que m\u00e9s t&#8217;agradi del Wasabi Fresc Importaci\u00f3 Jap\u00f3 Gran (50-100g).<\/p>\n<p>El wasabi fresc \u00e9s un dels condiments emblem\u00e0tics de la cuina japonesa. Habitualment acompanya el sushi, sashimi o soba, per\u00f2 tamb\u00e9 combina perfectament amb un bon entrecot!<\/p>\n","protected":false},"featured_media":6171,"template":"","meta":{"_acf_changed":false},"product_brand":[],"product_cat":[89],"product_tag":[],"class_list":{"0":"post-6526","1":"product","2":"type-product","3":"status-publish","4":"has-post-thumbnail","6":"product_cat-wasabi-fresc-wasabi-fresc","8":"first","9":"instock","10":"featured","11":"taxable","12":"shipping-taxable","13":"purchasable","14":"product-type-variable"},"acf":[],"_links":{"self":[{"href":"https:\/\/yamaaoi.com\/ca\/wp-json\/wp\/v2\/product\/6526","targetHints":{"allow":["GET"]}}],"collection":[{"href":"https:\/\/yamaaoi.com\/ca\/wp-json\/wp\/v2\/product"}],"about":[{"href":"https:\/\/yamaaoi.com\/ca\/wp-json\/wp\/v2\/types\/product"}],"wp:featuredmedia":[{"embeddable":true,"href":"https:\/\/yamaaoi.com\/ca\/wp-json\/wp\/v2\/media\/6171"}],"wp:attachment":[{"href":"https:\/\/yamaaoi.com\/ca\/wp-json\/wp\/v2\/media?parent=6526"}],"wp:term":[{"taxonomy":"product_brand","embeddable":true,"href":"https:\/\/yamaaoi.com\/ca\/wp-json\/wp\/v2\/product_brand?post=6526"},{"taxonomy":"product_cat","embeddable":true,"href":"https:\/\/yamaaoi.com\/ca\/wp-json\/wp\/v2\/product_cat?post=6526"},{"taxonomy":"product_tag","embeddable":true,"href":"https:\/\/yamaaoi.com\/ca\/wp-json\/wp\/v2\/product_tag?post=6526"}],"curies":[{"name":"wp","href":"https:\/\/api.w.org\/{rel}","templated":true}]}}