{"id":6506,"date":"2021-09-21T10:25:27","date_gmt":"2021-09-21T10:25:27","guid":{"rendered":"https:\/\/yamaaoi.com\/productos\/pincel-salsas-japonesas-fibra-natural\/"},"modified":"2022-01-14T10:21:57","modified_gmt":"2022-01-14T10:21:57","slug":"pinzell-salses-japoneses-fibra-natural","status":"publish","type":"product","link":"https:\/\/yamaaoi.com\/ca\/productos\/pinzell-salses-japoneses-fibra-natural\/","title":{"rendered":"Pinzell salses japoneses fibra natural"},"content":{"rendered":"<p>El pinzell salses japoneses fibra natural \u00e9s un pinzell d&#8217;alta qualitat per a \u00fas professional.<br \/>\nEst\u00e0 fabricat amb fibres de p\u00e8l de cabra i m\u00e0nec de fusta.<br \/>\nDisponible en dues mides: 30mm i 36mm d&#8217;amplada de pinzell, per poder-lo adaptar a les necessitats de l&#8217;usuari.<\/p>\n","protected":false},"excerpt":{"rendered":"<p>El pinzell salses japoneses fibra natural \u00e9s un pinzell d&#8217;alta qualitat per a \u00fas professional.<br \/>\nEst\u00e0 fabricat amb fibres de p\u00e8l de cabra i m\u00e0nec de fusta.<br \/>\nDisponible en dues mides: 30mm i 36mm d&#8217;amplada de pinzell, per poder-lo adaptar a les necessitats de l&#8217;usuari.<\/p>\n","protected":false},"featured_media":7764,"template":"","meta":{"_acf_changed":false},"product_brand":[],"product_cat":[87],"product_tag":[],"class_list":{"0":"post-6506","1":"product","2":"type-product","3":"status-publish","4":"has-post-thumbnail","6":"product_cat-pinceles-salsas-japonesas-ca","8":"first","9":"instock","10":"taxable","11":"shipping-taxable","12":"purchasable","13":"product-type-variable"},"acf":[],"_links":{"self":[{"href":"https:\/\/yamaaoi.com\/ca\/wp-json\/wp\/v2\/product\/6506","targetHints":{"allow":["GET"]}}],"collection":[{"href":"https:\/\/yamaaoi.com\/ca\/wp-json\/wp\/v2\/product"}],"about":[{"href":"https:\/\/yamaaoi.com\/ca\/wp-json\/wp\/v2\/types\/product"}],"wp:featuredmedia":[{"embeddable":true,"href":"https:\/\/yamaaoi.com\/ca\/wp-json\/wp\/v2\/media\/7764"}],"wp:attachment":[{"href":"https:\/\/yamaaoi.com\/ca\/wp-json\/wp\/v2\/media?parent=6506"}],"wp:term":[{"taxonomy":"product_brand","embeddable":true,"href":"https:\/\/yamaaoi.com\/ca\/wp-json\/wp\/v2\/product_brand?post=6506"},{"taxonomy":"product_cat","embeddable":true,"href":"https:\/\/yamaaoi.com\/ca\/wp-json\/wp\/v2\/product_cat?post=6506"},{"taxonomy":"product_tag","embeddable":true,"href":"https:\/\/yamaaoi.com\/ca\/wp-json\/wp\/v2\/product_tag?post=6506"}],"curies":[{"name":"wp","href":"https:\/\/api.w.org\/{rel}","templated":true}]}}