{"id":6501,"date":"2021-05-07T11:35:28","date_gmt":"2021-05-07T11:35:28","guid":{"rendered":"https:\/\/yamaaoi.com\/productos\/pincel-salsas-japonesas-fibra-nylon\/"},"modified":"2022-01-14T10:00:40","modified_gmt":"2022-01-14T10:00:40","slug":"pinzell-salses-japoneses-fibra-nilo","status":"publish","type":"product","link":"https:\/\/yamaaoi.com\/ca\/productos\/pinzell-salses-japoneses-fibra-nilo\/","title":{"rendered":"Pinzell salses japoneses fibra nil\u00f3"},"content":{"rendered":"<p>Els pinzells de fibra de nil\u00f3 s\u00f3n ideals per al seu \u00fas en salses, especialment indicat per a la salsa Nikiri.<br \/>\nFet amb filaments de fibra de nil\u00f3 i m\u00e0nec de fusta destaca per la seva alta durabilitat.<br \/>\nDisponible en dues mides: 30mm i 36mm d&#8217;amplada, per poder-lo adaptar a les necessitats de l&#8217;usuari.<\/p>\n","protected":false},"excerpt":{"rendered":"<p>El pinzell salses japoneses fibra nil\u00f3 \u00e9s ideal per al seu \u00fas en salses, especialment indicat per a la salsa Nikiri.<br \/>\nFet amb filaments de fibra de nil\u00f3 i m\u00e0nec de fusta destaca per la seva alta durabilitat.<br \/>\nDisponible en dues mides: 30mm i 36mm d&#8217;amplada de pinzell, per poder-lo adaptar a les necessitats de l&#8217;usuari<\/p>\n","protected":false},"featured_media":7755,"template":"","meta":{"_acf_changed":false},"product_brand":[],"product_cat":[87],"product_tag":[],"class_list":{"0":"post-6501","1":"product","2":"type-product","3":"status-publish","4":"has-post-thumbnail","6":"product_cat-pinceles-salsas-japonesas-ca","8":"first","9":"outofstock","10":"taxable","11":"shipping-taxable","12":"purchasable","13":"product-type-variable"},"acf":[],"_links":{"self":[{"href":"https:\/\/yamaaoi.com\/ca\/wp-json\/wp\/v2\/product\/6501","targetHints":{"allow":["GET"]}}],"collection":[{"href":"https:\/\/yamaaoi.com\/ca\/wp-json\/wp\/v2\/product"}],"about":[{"href":"https:\/\/yamaaoi.com\/ca\/wp-json\/wp\/v2\/types\/product"}],"wp:featuredmedia":[{"embeddable":true,"href":"https:\/\/yamaaoi.com\/ca\/wp-json\/wp\/v2\/media\/7755"}],"wp:attachment":[{"href":"https:\/\/yamaaoi.com\/ca\/wp-json\/wp\/v2\/media?parent=6501"}],"wp:term":[{"taxonomy":"product_brand","embeddable":true,"href":"https:\/\/yamaaoi.com\/ca\/wp-json\/wp\/v2\/product_brand?post=6501"},{"taxonomy":"product_cat","embeddable":true,"href":"https:\/\/yamaaoi.com\/ca\/wp-json\/wp\/v2\/product_cat?post=6501"},{"taxonomy":"product_tag","embeddable":true,"href":"https:\/\/yamaaoi.com\/ca\/wp-json\/wp\/v2\/product_tag?post=6501"}],"curies":[{"name":"wp","href":"https:\/\/api.w.org\/{rel}","templated":true}]}}