{"id":6485,"date":"2021-10-26T08:49:35","date_gmt":"2021-10-26T08:49:35","guid":{"rendered":"https:\/\/yamaaoi.com\/productos\/pinza-kansai-de-acero-inoxidable-para-espinas\/"},"modified":"2022-01-14T08:48:48","modified_gmt":"2022-01-14T08:48:48","slug":"pinza-kansai-dacer-inoxidable-per-espines","status":"publish","type":"product","link":"https:\/\/yamaaoi.com\/ca\/productos\/pinza-kansai-dacer-inoxidable-per-espines\/","title":{"rendered":"Pin\u00e7a Kansai d&#8217;acer inoxidable per espines 12 cm"},"content":{"rendered":"<p>Pin\u00e7a Kansai d\u00b4acer inoxidable.<br \/>\nLongitud: 120 mm<\/p>\n<p>Les pinces Kansai d&#8217;acer inoxidable, gr\u00e0cies a la forma angulada, permeten extreure de forma f\u00e0cil, c\u00f2mode i neta les espines de tot tipus de peixos.<br \/>\nPoden utilitzar-se tamb\u00e9 per manipular talls de peix o altres productes com ara l\u00e0mines de gingebre o fins i tot, talls d&#8217;embotit.<\/p>\n","protected":false},"excerpt":{"rendered":"<p>Pin\u00e7a Kansai d&#8217;acer inoxidable.<\/p>\n<p>Longitud: 12cm<\/p>\n","protected":false},"featured_media":6077,"template":"","meta":{"_acf_changed":false},"product_brand":[],"product_cat":[85],"product_tag":[],"class_list":{"0":"post-6485","1":"product","2":"type-product","3":"status-publish","4":"has-post-thumbnail","6":"product_cat-pinzas-espinas-ca","8":"first","9":"instock","10":"taxable","11":"shipping-taxable","12":"purchasable","13":"product-type-simple"},"acf":[],"_links":{"self":[{"href":"https:\/\/yamaaoi.com\/ca\/wp-json\/wp\/v2\/product\/6485","targetHints":{"allow":["GET"]}}],"collection":[{"href":"https:\/\/yamaaoi.com\/ca\/wp-json\/wp\/v2\/product"}],"about":[{"href":"https:\/\/yamaaoi.com\/ca\/wp-json\/wp\/v2\/types\/product"}],"wp:featuredmedia":[{"embeddable":true,"href":"https:\/\/yamaaoi.com\/ca\/wp-json\/wp\/v2\/media\/6077"}],"wp:attachment":[{"href":"https:\/\/yamaaoi.com\/ca\/wp-json\/wp\/v2\/media?parent=6485"}],"wp:term":[{"taxonomy":"product_brand","embeddable":true,"href":"https:\/\/yamaaoi.com\/ca\/wp-json\/wp\/v2\/product_brand?post=6485"},{"taxonomy":"product_cat","embeddable":true,"href":"https:\/\/yamaaoi.com\/ca\/wp-json\/wp\/v2\/product_cat?post=6485"},{"taxonomy":"product_tag","embeddable":true,"href":"https:\/\/yamaaoi.com\/ca\/wp-json\/wp\/v2\/product_tag?post=6485"}],"curies":[{"name":"wp","href":"https:\/\/api.w.org\/{rel}","templated":true}]}}