{"id":6473,"date":"2021-10-26T09:37:47","date_gmt":"2021-10-26T09:37:47","guid":{"rendered":"https:\/\/yamaaoi.com\/productos\/palillos-de-acero-inoxidable-para-tempura\/"},"modified":"2022-01-12T13:47:46","modified_gmt":"2022-01-12T13:47:46","slug":"palets-dacer-inoxidable-per-tempura","status":"publish","type":"product","link":"https:\/\/yamaaoi.com\/ca\/productos\/palets-dacer-inoxidable-per-tempura\/","title":{"rendered":"Palets d&#8217;acer inoxidable per tempura 42 cm"},"content":{"rendered":"<p>Palets d&#8217;acer inoxidable per a tempura i altres fregits<br \/>\nMida: 42 cm.<\/p>\n<p>Aquests escuradents d&#8217;acer inoxidable, presenta unes puntes de textura rugosa que facilita la manipulaci\u00f3 dels aliments durant el proc\u00e9s de fregit en preparar tempura. Tenen un m\u00e0nec realitzat amb fusta per poder utilitzar-los en qualsevol tipus de cocci\u00f3 a altes temperatures.<br \/>\nLongitud: 42 cm.<\/p>\n","protected":false},"excerpt":{"rendered":"<p>Palets d&#8217;acer inoxidable per tempura<br \/>\nTama\u00f1o: 42cm<\/p>\n","protected":false},"featured_media":7776,"template":"","meta":{"_acf_changed":false},"product_brand":[],"product_cat":[84],"product_tag":[],"class_list":{"0":"post-6473","1":"product","2":"type-product","3":"status-publish","4":"has-post-thumbnail","6":"product_cat-palillos-ca","8":"first","9":"outofstock","10":"taxable","11":"shipping-taxable","12":"purchasable","13":"product-type-simple"},"acf":[],"_links":{"self":[{"href":"https:\/\/yamaaoi.com\/ca\/wp-json\/wp\/v2\/product\/6473","targetHints":{"allow":["GET"]}}],"collection":[{"href":"https:\/\/yamaaoi.com\/ca\/wp-json\/wp\/v2\/product"}],"about":[{"href":"https:\/\/yamaaoi.com\/ca\/wp-json\/wp\/v2\/types\/product"}],"wp:featuredmedia":[{"embeddable":true,"href":"https:\/\/yamaaoi.com\/ca\/wp-json\/wp\/v2\/media\/7776"}],"wp:attachment":[{"href":"https:\/\/yamaaoi.com\/ca\/wp-json\/wp\/v2\/media?parent=6473"}],"wp:term":[{"taxonomy":"product_brand","embeddable":true,"href":"https:\/\/yamaaoi.com\/ca\/wp-json\/wp\/v2\/product_brand?post=6473"},{"taxonomy":"product_cat","embeddable":true,"href":"https:\/\/yamaaoi.com\/ca\/wp-json\/wp\/v2\/product_cat?post=6473"},{"taxonomy":"product_tag","embeddable":true,"href":"https:\/\/yamaaoi.com\/ca\/wp-json\/wp\/v2\/product_tag?post=6473"}],"curies":[{"name":"wp","href":"https:\/\/api.w.org\/{rel}","templated":true}]}}