{"id":6470,"date":"2021-10-26T10:05:37","date_gmt":"2021-10-26T10:05:37","guid":{"rendered":"https:\/\/yamaaoi.com\/productos\/palillos-katsura-de-acero-inoxidable\/"},"modified":"2022-01-12T13:42:16","modified_gmt":"2022-01-12T13:42:16","slug":"palets-katsura-dacer-inoxidable-135-cm","status":"publish","type":"product","link":"https:\/\/yamaaoi.com\/ca\/productos\/palets-katsura-dacer-inoxidable-135-cm\/","title":{"rendered":"Palets Katsura d&#8217;acer inoxidable 13,5 cm"},"content":{"rendered":"<p>Palets Katsura d&#8217;acer inoxidable per emplatar.<br \/>\nMida: 13,5 cm.<\/p>\n<p>Els platets d&#8217;acer inoxidable Katsura han estat utilitzats per generacions de xefs japonesos a l&#8217;hora d&#8217;emplatar. La punta de metall texturada aporta una adher\u00e8ncia \u00f2ptima dels aliments i permet manipular els ingredients m\u00e9s fr\u00e0gils amb gran precisi\u00f3 i control.<br \/>\nUsats tradicionalment al Jap\u00f3 per emplatar Sashimi, a dia d&#8217;avui, han esdevingut una eina molt vers\u00e0til tant per a la cuina japonesa com a l&#8217;occidental a l&#8217;hora de treballar amb ingredients delicats.<br \/>\nProduit al Jap\u00f3.<br \/>\nLongitud: 13,5 cm.<\/p>\n","protected":false},"excerpt":{"rendered":"<p>Palets Katsura d&#8217;acer inoxidable per empatar de 13,5 cm.<\/p>\n","protected":false},"featured_media":7773,"template":"","meta":{"_acf_changed":false},"product_brand":[],"product_cat":[84],"product_tag":[],"class_list":{"0":"post-6470","1":"product","2":"type-product","3":"status-publish","4":"has-post-thumbnail","6":"product_cat-palillos-ca","8":"first","9":"outofstock","10":"taxable","11":"shipping-taxable","12":"purchasable","13":"product-type-simple"},"acf":[],"_links":{"self":[{"href":"https:\/\/yamaaoi.com\/ca\/wp-json\/wp\/v2\/product\/6470","targetHints":{"allow":["GET"]}}],"collection":[{"href":"https:\/\/yamaaoi.com\/ca\/wp-json\/wp\/v2\/product"}],"about":[{"href":"https:\/\/yamaaoi.com\/ca\/wp-json\/wp\/v2\/types\/product"}],"wp:featuredmedia":[{"embeddable":true,"href":"https:\/\/yamaaoi.com\/ca\/wp-json\/wp\/v2\/media\/7773"}],"wp:attachment":[{"href":"https:\/\/yamaaoi.com\/ca\/wp-json\/wp\/v2\/media?parent=6470"}],"wp:term":[{"taxonomy":"product_brand","embeddable":true,"href":"https:\/\/yamaaoi.com\/ca\/wp-json\/wp\/v2\/product_brand?post=6470"},{"taxonomy":"product_cat","embeddable":true,"href":"https:\/\/yamaaoi.com\/ca\/wp-json\/wp\/v2\/product_cat?post=6470"},{"taxonomy":"product_tag","embeddable":true,"href":"https:\/\/yamaaoi.com\/ca\/wp-json\/wp\/v2\/product_tag?post=6470"}],"curies":[{"name":"wp","href":"https:\/\/api.w.org\/{rel}","templated":true}]}}