{"id":6464,"date":"2021-11-30T11:43:49","date_gmt":"2021-11-30T11:43:49","guid":{"rendered":"https:\/\/yamaaoi.com\/productos\/alga-wakame-salvaje-50-gr\/"},"modified":"2022-01-12T12:55:37","modified_gmt":"2022-01-12T12:55:37","slug":"alga-wakame-salvatge-50-gr","status":"publish","type":"product","link":"https:\/\/yamaaoi.com\/ca\/productos\/alga-wakame-salvatge-50-gr\/","title":{"rendered":"Alga wakame salvatge 50 gr"},"content":{"rendered":"<p>De gran sabor i ferma textura, combina perfectament consist\u00e8ncia, frag\u00e0ncia i sabor, a difer\u00e8ncia de l&#8217;alga wakame cultivada. Per degustar-la nom\u00e9s cal rehidratar-la en aigua durant 8 a 10 minuts, esc\u00f3rrer b\u00e9 i despr\u00e9s picar-la en trossos petits. Complementa perfectament les teves sopes de miso, i fregides poden ser l&#8217;acompanyament ideal per a peixos. Tamb\u00e9 combinen perfectament amb oli de s\u00e8sam i llavors de s\u00e8sam daurat.<\/p>\n<p>Paquet 50 gr.<\/p>\n","protected":false},"excerpt":{"rendered":"<p>Alga wakame salvatge 50 gr.<br \/>\nAquesta deliciosa alga wakame, ha estat recol\u00b7lectada a la primavera i estiu. Posteriorment es renta i asseca immediatament amb un proc\u00e9s ultra r\u00e0pid per preservar totes les seves aromes i sabor.<\/p>\n","protected":false},"featured_media":6087,"template":"","meta":{"_acf_changed":false},"product_brand":[],"product_cat":[81,77,83],"product_tag":[],"class_list":{"0":"post-6464","1":"product","2":"type-product","3":"status-publish","4":"has-post-thumbnail","6":"product_cat-gourmet-japones-ca","7":"product_cat-gourmet-japones-gourmet-japones-ca","8":"product_cat-algues","10":"first","11":"outofstock","12":"taxable","13":"shipping-taxable","14":"purchasable","15":"product-type-simple"},"acf":[],"_links":{"self":[{"href":"https:\/\/yamaaoi.com\/ca\/wp-json\/wp\/v2\/product\/6464","targetHints":{"allow":["GET"]}}],"collection":[{"href":"https:\/\/yamaaoi.com\/ca\/wp-json\/wp\/v2\/product"}],"about":[{"href":"https:\/\/yamaaoi.com\/ca\/wp-json\/wp\/v2\/types\/product"}],"wp:featuredmedia":[{"embeddable":true,"href":"https:\/\/yamaaoi.com\/ca\/wp-json\/wp\/v2\/media\/6087"}],"wp:attachment":[{"href":"https:\/\/yamaaoi.com\/ca\/wp-json\/wp\/v2\/media?parent=6464"}],"wp:term":[{"taxonomy":"product_brand","embeddable":true,"href":"https:\/\/yamaaoi.com\/ca\/wp-json\/wp\/v2\/product_brand?post=6464"},{"taxonomy":"product_cat","embeddable":true,"href":"https:\/\/yamaaoi.com\/ca\/wp-json\/wp\/v2\/product_cat?post=6464"},{"taxonomy":"product_tag","embeddable":true,"href":"https:\/\/yamaaoi.com\/ca\/wp-json\/wp\/v2\/product_tag?post=6464"}],"curies":[{"name":"wp","href":"https:\/\/api.w.org\/{rel}","templated":true}]}}