{"id":6461,"date":"2021-11-30T12:38:01","date_gmt":"2021-11-30T12:38:01","guid":{"rendered":"https:\/\/yamaaoi.com\/productos\/alga-nori-ariake-calidad-premium-140-gr\/"},"modified":"2022-01-12T12:49:56","modified_gmt":"2022-01-12T12:49:56","slug":"alga-nori-ariake-qualitat-premium-25-gr","status":"publish","type":"product","link":"https:\/\/yamaaoi.com\/ca\/productos\/alga-nori-ariake-qualitat-premium-25-gr\/","title":{"rendered":"Alga nori Ariake qualitat premium 25 gr"},"content":{"rendered":"<p>Aquestes algues s&#8217;elaboren en respecte pur a la tradici\u00f3. El seu origen a Ariake \u00e9s una garantia d&#8217;excel\u00b7l\u00e8ncia. Catalogat dins de la gamma premium com a conseq\u00fc\u00e8ncia de la seva extrema qualitat.<\/p>\n<p>Els nostres suggeriments: es poden fer servir per elaborar sushis, makis, per condimentar mantegues, salses, galetes, arrossos, pastes, etc.<\/p>\n","protected":false},"excerpt":{"rendered":"<p>Alga nori ariake qualitat premium (mitges fulles)<br \/>\nAquestes algues es rosteixen per infrarojos al final de la producci\u00f3, cosa que els confereix notes torrades i sabors iodats en boca.<\/p>\n<p>Paquet de 25 gr.<\/p>\n","protected":false},"featured_media":6089,"template":"","meta":{"_acf_changed":false},"product_brand":[],"product_cat":[81,77,83],"product_tag":[],"class_list":{"0":"post-6461","1":"product","2":"type-product","3":"status-publish","4":"has-post-thumbnail","6":"product_cat-gourmet-japones-ca","7":"product_cat-gourmet-japones-gourmet-japones-ca","8":"product_cat-algues","10":"first","11":"instock","12":"taxable","13":"shipping-taxable","14":"purchasable","15":"product-type-simple"},"acf":[],"_links":{"self":[{"href":"https:\/\/yamaaoi.com\/ca\/wp-json\/wp\/v2\/product\/6461","targetHints":{"allow":["GET"]}}],"collection":[{"href":"https:\/\/yamaaoi.com\/ca\/wp-json\/wp\/v2\/product"}],"about":[{"href":"https:\/\/yamaaoi.com\/ca\/wp-json\/wp\/v2\/types\/product"}],"wp:featuredmedia":[{"embeddable":true,"href":"https:\/\/yamaaoi.com\/ca\/wp-json\/wp\/v2\/media\/6089"}],"wp:attachment":[{"href":"https:\/\/yamaaoi.com\/ca\/wp-json\/wp\/v2\/media?parent=6461"}],"wp:term":[{"taxonomy":"product_brand","embeddable":true,"href":"https:\/\/yamaaoi.com\/ca\/wp-json\/wp\/v2\/product_brand?post=6461"},{"taxonomy":"product_cat","embeddable":true,"href":"https:\/\/yamaaoi.com\/ca\/wp-json\/wp\/v2\/product_cat?post=6461"},{"taxonomy":"product_tag","embeddable":true,"href":"https:\/\/yamaaoi.com\/ca\/wp-json\/wp\/v2\/product_tag?post=6461"}],"curies":[{"name":"wp","href":"https:\/\/api.w.org\/{rel}","templated":true}]}}