{"id":6457,"date":"2021-11-30T12:50:08","date_gmt":"2021-11-30T12:50:08","guid":{"rendered":"https:\/\/yamaaoi.com\/productos\/alga-nori-para-sushi-de-calidad-superior-30-gr\/"},"modified":"2022-01-12T12:44:29","modified_gmt":"2022-01-12T12:44:29","slug":"alga-nori-per-sushi-de-qualitat-superior-30-gr","status":"publish","type":"product","link":"https:\/\/yamaaoi.com\/ca\/productos\/alga-nori-per-sushi-de-qualitat-superior-30-gr\/","title":{"rendered":"Alga nori per sushi de qualitat superior 30 gr"},"content":{"rendered":"<p>Elaborat tradicionalment amb el m\u00e8tode secret de Sanpuku Nori, l&#8217;alga nori de sushi de qualitat superior desenvolupa un ric sabor a la boca. \u00c9s a m\u00e9s, un producte 100% natural amb beneficis nutricionals s\u00f3n excepcionals!<\/p>\n<p>El nostre suggeriment: Aquesta alga nori per a sushi de qualitat superior, far\u00e0 que els menjars m\u00e9s senzills es tornen extraordinaris! Empolvorada en un plat d&#8217;arr\u00f2s blanc \u00e9s simplement perfecte. Voldr\u00e0s provar-ho una vegada i una altra en sushi, makis, pasta de peix i carpaccios! I els teus convidats tamb\u00e9!<\/p>\n<p>Es pot fer servir tal qual o torrar-se al gust.<\/p>\n<p>Textos: Nishikidori<\/p>\n","protected":false},"excerpt":{"rendered":"<p>L\u00b4alga nori \u00e9s una de les bases de la cuina japonesa.<br \/>\nAquesta excepcional alga nori per a sushi de qualitat superior es colleix a les costes del Mar d&#8217;Ariake.<\/p>\n<p>Paquet 30 gr<\/p>\n","protected":false},"featured_media":6157,"template":"","meta":{"_acf_changed":false},"product_brand":[],"product_cat":[81,77,83],"product_tag":[],"class_list":{"0":"post-6457","1":"product","2":"type-product","3":"status-publish","4":"has-post-thumbnail","6":"product_cat-gourmet-japones-ca","7":"product_cat-gourmet-japones-gourmet-japones-ca","8":"product_cat-algues","10":"first","11":"instock","12":"taxable","13":"shipping-taxable","14":"purchasable","15":"product-type-simple"},"acf":[],"_links":{"self":[{"href":"https:\/\/yamaaoi.com\/ca\/wp-json\/wp\/v2\/product\/6457","targetHints":{"allow":["GET"]}}],"collection":[{"href":"https:\/\/yamaaoi.com\/ca\/wp-json\/wp\/v2\/product"}],"about":[{"href":"https:\/\/yamaaoi.com\/ca\/wp-json\/wp\/v2\/types\/product"}],"wp:featuredmedia":[{"embeddable":true,"href":"https:\/\/yamaaoi.com\/ca\/wp-json\/wp\/v2\/media\/6157"}],"wp:attachment":[{"href":"https:\/\/yamaaoi.com\/ca\/wp-json\/wp\/v2\/media?parent=6457"}],"wp:term":[{"taxonomy":"product_brand","embeddable":true,"href":"https:\/\/yamaaoi.com\/ca\/wp-json\/wp\/v2\/product_brand?post=6457"},{"taxonomy":"product_cat","embeddable":true,"href":"https:\/\/yamaaoi.com\/ca\/wp-json\/wp\/v2\/product_cat?post=6457"},{"taxonomy":"product_tag","embeddable":true,"href":"https:\/\/yamaaoi.com\/ca\/wp-json\/wp\/v2\/product_tag?post=6457"}],"curies":[{"name":"wp","href":"https:\/\/api.w.org\/{rel}","templated":true}]}}