{"id":6446,"date":"2021-11-30T14:00:48","date_gmt":"2021-11-30T14:00:48","guid":{"rendered":"https:\/\/yamaaoi.com\/productos\/vinagre-para-sushi-ginjo-akasu-premium-300-ml\/"},"modified":"2022-01-12T12:04:32","modified_gmt":"2022-01-12T12:04:32","slug":"vinagre-per-a-sushi-ginjo-akasu-premium-300-ml","status":"publish","type":"product","link":"https:\/\/yamaaoi.com\/ca\/productos\/vinagre-per-a-sushi-ginjo-akasu-premium-300-ml\/","title":{"rendered":"Vinagre per a sushi Ginjo Akasu Premium 300 ml"},"content":{"rendered":"<p>El vinagre per a sushi Ginjo Akasu Premium 300 ml \u00e9s arom\u00e0tic, ric en subtileses, amb una dol\u00e7a acidesa i un delici\u00f3s sabor que faran que el seu sushi sigui encara m\u00e9s delici\u00f3s.<\/p>\n<p>La quantitat recomanada \u00e9s afegir 4 cl per 1 tassa d&#8217;arr\u00f2s (arr\u00f2s cru).<br \/>\nRecomanem assaonar l&#8217;arr\u00f2s poc despr\u00e9s de cuinar-lo.<\/p>\n<p>Text: Nishikidori<\/p>\n","protected":false},"excerpt":{"rendered":"<p>El Vinagre per a sushi Ginjo Akasu Premium 300 ml \u00e9s l&#8217;ingredient indispensable per elaborar un sushi perfecte.<br \/>\nAquest vinagre d\u00b4arr\u00f2s per a sushi est\u00e0 elaborat amb vinagre de mares de sake d\u00b4alta qualitat, sense afegir cap additiu: ni conservants, ni colorants ni potenciadors del sabor.<\/p>\n<p>Flasc\u00f3 de 300 ml<\/p>\n","protected":false},"featured_media":6151,"template":"","meta":{"_acf_changed":false},"product_brand":[],"product_cat":[82],"product_tag":[],"class_list":{"0":"post-6446","1":"product","2":"type-product","3":"status-publish","4":"has-post-thumbnail","6":"product_cat-vinagres-ca","8":"first","9":"outofstock","10":"taxable","11":"shipping-taxable","12":"purchasable","13":"product-type-simple"},"acf":[],"_links":{"self":[{"href":"https:\/\/yamaaoi.com\/ca\/wp-json\/wp\/v2\/product\/6446","targetHints":{"allow":["GET"]}}],"collection":[{"href":"https:\/\/yamaaoi.com\/ca\/wp-json\/wp\/v2\/product"}],"about":[{"href":"https:\/\/yamaaoi.com\/ca\/wp-json\/wp\/v2\/types\/product"}],"wp:featuredmedia":[{"embeddable":true,"href":"https:\/\/yamaaoi.com\/ca\/wp-json\/wp\/v2\/media\/6151"}],"wp:attachment":[{"href":"https:\/\/yamaaoi.com\/ca\/wp-json\/wp\/v2\/media?parent=6446"}],"wp:term":[{"taxonomy":"product_brand","embeddable":true,"href":"https:\/\/yamaaoi.com\/ca\/wp-json\/wp\/v2\/product_brand?post=6446"},{"taxonomy":"product_cat","embeddable":true,"href":"https:\/\/yamaaoi.com\/ca\/wp-json\/wp\/v2\/product_cat?post=6446"},{"taxonomy":"product_tag","embeddable":true,"href":"https:\/\/yamaaoi.com\/ca\/wp-json\/wp\/v2\/product_tag?post=6446"}],"curies":[{"name":"wp","href":"https:\/\/api.w.org\/{rel}","templated":true}]}}