{"id":6437,"date":"2021-11-30T15:19:18","date_gmt":"2021-11-30T15:19:18","guid":{"rendered":"https:\/\/yamaaoi.com\/productos\/vinagre-de-arroz-al-shiso-rojo-180-ml\/"},"modified":"2022-07-19T07:19:48","modified_gmt":"2022-07-19T07:19:48","slug":"vinagre-d-arros-al-shiso-vermell-180-ml","status":"publish","type":"product","link":"https:\/\/yamaaoi.com\/ca\/productos\/vinagre-d-arros-al-shiso-vermell-180-ml\/","title":{"rendered":"Vinagre d&#8217; arr\u00f2s al shiso vermell 180 ml"},"content":{"rendered":"<p>Aquest vinagre d&#8217;arr\u00f2s aromatitzat t\u00e9 un color rosat violeta gr\u00e0cies als tanins del shiso vermell, aportant unes belles notes de color als seus plats.<br \/>\nAquest vinagre d&#8217;arr\u00f2s aromatitzat t\u00e9 un color rosat violeta gr\u00e0cies als tanins del shiso vermell, aportant unes belles notes de color als seus plats.<br \/>\nEste vinagre de arroz aromatizado tiene un color rosado violeta gracias a los taninos del shiso rojo, aportando unas bellas notas de color a sus platos.<br \/>\nAquest vinagre d&#8217;arr\u00f2s aromatitzat t\u00e9 un color rosat-violeta gr\u00e0cies als tanins del shiso vermell, aportant unes belles notes de color als plats.<br \/>\nEste vinagre de arroz aromatizado tiene un color rosado-violeta gracias a los taninos del shiso rojo, aportando unas bellas notas de color a los platos.<\/p>\n<p>Expressa notes de fruits vermells, alf\u00e0brega, cirera, acerola o hibisc.<\/p>\n<p>El nostre suggeriment: \u00e9s perfecte amb nap daikon blanc ratllats o col blanca i \u00e9s excel\u00b7lent per preparar vinagretes. \u00c9s igualment ideal per condimentar arr\u00f2s de sushi, tartar de peix o sobre ostres fresques, amanida d&#8217;algues&#8230;<br \/>\nProva-ho tamb\u00e9 en sorbets i gelats (ametlla, cirera, vainilla, formatge blanc), o amb una maced\u00f2nia de fruita fresca o tamb\u00e9 per ressaltar un past\u00eds de formatge.<\/p>\n<p>Textos: Nishikidori<\/p>\n","protected":false},"excerpt":{"rendered":"<p>Nakano San, mestre en l&#8217;elaboraci\u00f3 de vinagres, ha creat aquest espectacular condiment elaborat a base de vinagre d&#8217;arr\u00f2s japon\u00e8s on ha infusionat fulles de shiso vermell, seleccionades per la seva potent aroma.<\/p>\n<p>Flasc\u00f3 de 180 ml<\/p>\n","protected":false},"featured_media":6145,"template":"","meta":{"_acf_changed":false},"product_brand":[],"product_cat":[82],"product_tag":[],"class_list":{"0":"post-6437","1":"product","2":"type-product","3":"status-publish","4":"has-post-thumbnail","6":"product_cat-vinagres-ca","8":"first","9":"outofstock","10":"taxable","11":"shipping-taxable","12":"purchasable","13":"product-type-simple"},"acf":[],"_links":{"self":[{"href":"https:\/\/yamaaoi.com\/ca\/wp-json\/wp\/v2\/product\/6437","targetHints":{"allow":["GET"]}}],"collection":[{"href":"https:\/\/yamaaoi.com\/ca\/wp-json\/wp\/v2\/product"}],"about":[{"href":"https:\/\/yamaaoi.com\/ca\/wp-json\/wp\/v2\/types\/product"}],"wp:featuredmedia":[{"embeddable":true,"href":"https:\/\/yamaaoi.com\/ca\/wp-json\/wp\/v2\/media\/6145"}],"wp:attachment":[{"href":"https:\/\/yamaaoi.com\/ca\/wp-json\/wp\/v2\/media?parent=6437"}],"wp:term":[{"taxonomy":"product_brand","embeddable":true,"href":"https:\/\/yamaaoi.com\/ca\/wp-json\/wp\/v2\/product_brand?post=6437"},{"taxonomy":"product_cat","embeddable":true,"href":"https:\/\/yamaaoi.com\/ca\/wp-json\/wp\/v2\/product_cat?post=6437"},{"taxonomy":"product_tag","embeddable":true,"href":"https:\/\/yamaaoi.com\/ca\/wp-json\/wp\/v2\/product_tag?post=6437"}],"curies":[{"name":"wp","href":"https:\/\/api.w.org\/{rel}","templated":true}]}}