{"id":6434,"date":"2021-11-30T15:27:02","date_gmt":"2021-11-30T15:27:02","guid":{"rendered":"https:\/\/yamaaoi.com\/productos\/salsa-vinagreta-japonesa-360-ml\/"},"modified":"2022-01-12T10:26:22","modified_gmt":"2022-01-12T10:26:22","slug":"salsa-vinagreta-japonesa-360-ml","status":"publish","type":"product","link":"https:\/\/yamaaoi.com\/ca\/productos\/salsa-vinagreta-japonesa-360-ml\/","title":{"rendered":"Salsa vinagreta japonesa 360 ml"},"content":{"rendered":"<p>Us convidem a descobrir les aromes, sabors i frag\u00e0ncies \u00faniques d&#8217;aquesta t\u00edpica vinagreta japonesa elaborada amb total respecte a la tradici\u00f3 pels Mestres Artesans de Tobaya Suten.<br \/>\nAquesta vinagreta, amb salsa de soja i sabors de s\u00e8sam, est\u00e0 a punt per utilitzar-se tant en preparacions fredes com calentes.<br \/>\nSens dubte, un dels nostres preferits!<\/p>\n<p>El nostre suggeriment: unes gotes en una amanida verda, verdures crues, verdures bullides.<br \/>\nProveu-ho tamb\u00e9 en una fondue o un tradicional cuit de porc shabu shabu, per\u00f2 tamb\u00e9 amb carns d&#8217;au com pollastre, \u00e0nec o vedella. Igualment resulta deliciosa amb col blanca o vermella, alvocat, mol\u00b7luscs, porros, o esp\u00e0rrecs.<\/p>\n<p>Textos: Nishikidori<\/p>\n","protected":false},"excerpt":{"rendered":"<p>Aquesta salsa vinagreta japonesa us permetr\u00e0 fer un viatge al cor de la gastronomia japonesa<\/p>\n<p>Flasc\u00f3 de 360 ml<\/p>\n","protected":false},"featured_media":6143,"template":"","meta":{"_acf_changed":false},"product_brand":[],"product_cat":[81,77,79],"product_tag":[],"class_list":{"0":"post-6434","1":"product","2":"type-product","3":"status-publish","4":"has-post-thumbnail","6":"product_cat-gourmet-japones-ca","7":"product_cat-gourmet-japones-gourmet-japones-ca","8":"product_cat-salses-japoneses","10":"first","11":"instock","12":"taxable","13":"shipping-taxable","14":"purchasable","15":"product-type-simple"},"acf":[],"_links":{"self":[{"href":"https:\/\/yamaaoi.com\/ca\/wp-json\/wp\/v2\/product\/6434","targetHints":{"allow":["GET"]}}],"collection":[{"href":"https:\/\/yamaaoi.com\/ca\/wp-json\/wp\/v2\/product"}],"about":[{"href":"https:\/\/yamaaoi.com\/ca\/wp-json\/wp\/v2\/types\/product"}],"wp:featuredmedia":[{"embeddable":true,"href":"https:\/\/yamaaoi.com\/ca\/wp-json\/wp\/v2\/media\/6143"}],"wp:attachment":[{"href":"https:\/\/yamaaoi.com\/ca\/wp-json\/wp\/v2\/media?parent=6434"}],"wp:term":[{"taxonomy":"product_brand","embeddable":true,"href":"https:\/\/yamaaoi.com\/ca\/wp-json\/wp\/v2\/product_brand?post=6434"},{"taxonomy":"product_cat","embeddable":true,"href":"https:\/\/yamaaoi.com\/ca\/wp-json\/wp\/v2\/product_cat?post=6434"},{"taxonomy":"product_tag","embeddable":true,"href":"https:\/\/yamaaoi.com\/ca\/wp-json\/wp\/v2\/product_tag?post=6434"}],"curies":[{"name":"wp","href":"https:\/\/api.w.org\/{rel}","templated":true}]}}