{"id":6431,"date":"2021-11-30T15:45:26","date_gmt":"2021-11-30T15:45:26","guid":{"rendered":"https:\/\/yamaaoi.com\/productos\/salsa-de-soja-biologica-tokiarubeshi-300-ml\/"},"modified":"2022-06-23T09:01:08","modified_gmt":"2022-06-23T09:01:08","slug":"salsa-de-soja-biologica-tokiarubeshi-300-ml","status":"publish","type":"product","link":"https:\/\/yamaaoi.com\/ca\/productos\/salsa-de-soja-biologica-tokiarubeshi-300-ml\/","title":{"rendered":"Salsa de soja ecol\u00f2gica Tokiarubeshi 300 ml"},"content":{"rendered":"<p>Els car\u00e0cters de la paraula japonesa &#8220;yuki&#8221;, que significa org\u00e0nic, tamb\u00e9 es poden interpretar com &#8220;cal donar temps&#8221;.<br \/>\nEs diu que el menjar org\u00e0nic japon\u00e8s va comen\u00e7ar amb la idea que &#8220;no hi ha vides sense temps&#8221;.<br \/>\nA Daitoku Shoyu, no escurcen el proc\u00e9s d&#8217;elaboraci\u00f3 mitjan\u00e7ant l&#8217;addici\u00f3 de microorganismes cultivats o mitjan\u00e7ant escalfament. Protegeixen gelosament el seu m\u00e8tode tradicional d&#8217;elaboraci\u00f3\/fermentaci\u00f3 natural permetent que els microorganismes que s&#8217;assenten a la beguda ajudin a crear una salsa de soja amb les estacions.<br \/>\nAix\u00f2 prov\u00e9 de la seva creen\u00e7a que la veritable salsa de soja \u00e9s creada per microorganismes que s\u00f3n afavorits pel clima de la seva regi\u00f3 amb el seu propi ritme de vida.<\/p>\n<p>Consells d&#8217;\u00fas: sushi, sashimi, verdures, peixos blancs, arrossos saltejats\u2026<\/p>\n<p>Textos: Nishikidori<\/p>\n","protected":false},"excerpt":{"rendered":"<p>La salsa de soja biol\u00f2gica Tokiarubeshi \u00e9s un gran cl\u00e0ssic de la cuina japonesa.<\/p>\n<p>Flasc\u00f3 de 300 ml<\/p>\n","protected":false},"featured_media":6133,"template":"","meta":{"_acf_changed":false},"product_brand":[],"product_cat":[77,80],"product_tag":[],"class_list":{"0":"post-6431","1":"product","2":"type-product","3":"status-publish","4":"has-post-thumbnail","6":"product_cat-gourmet-japones-gourmet-japones-ca","7":"product_cat-salses-de-soja","9":"first","10":"instock","11":"taxable","12":"shipping-taxable","13":"purchasable","14":"product-type-simple"},"acf":[],"_links":{"self":[{"href":"https:\/\/yamaaoi.com\/ca\/wp-json\/wp\/v2\/product\/6431","targetHints":{"allow":["GET"]}}],"collection":[{"href":"https:\/\/yamaaoi.com\/ca\/wp-json\/wp\/v2\/product"}],"about":[{"href":"https:\/\/yamaaoi.com\/ca\/wp-json\/wp\/v2\/types\/product"}],"wp:featuredmedia":[{"embeddable":true,"href":"https:\/\/yamaaoi.com\/ca\/wp-json\/wp\/v2\/media\/6133"}],"wp:attachment":[{"href":"https:\/\/yamaaoi.com\/ca\/wp-json\/wp\/v2\/media?parent=6431"}],"wp:term":[{"taxonomy":"product_brand","embeddable":true,"href":"https:\/\/yamaaoi.com\/ca\/wp-json\/wp\/v2\/product_brand?post=6431"},{"taxonomy":"product_cat","embeddable":true,"href":"https:\/\/yamaaoi.com\/ca\/wp-json\/wp\/v2\/product_cat?post=6431"},{"taxonomy":"product_tag","embeddable":true,"href":"https:\/\/yamaaoi.com\/ca\/wp-json\/wp\/v2\/product_tag?post=6431"}],"curies":[{"name":"wp","href":"https:\/\/api.w.org\/{rel}","templated":true}]}}