{"id":6428,"date":"2021-11-30T15:54:00","date_gmt":"2021-11-30T15:54:00","guid":{"rendered":"https:\/\/yamaaoi.com\/productos\/salsa-de-soja-shiro-shoyu-blanca-360-ml\/"},"modified":"2022-01-12T10:14:37","modified_gmt":"2022-01-12T10:14:37","slug":"salsa-de-soja-shiro-shoyu-blanca-360-ml","status":"publish","type":"product","link":"https:\/\/yamaaoi.com\/ca\/productos\/salsa-de-soja-shiro-shoyu-blanca-360-ml\/","title":{"rendered":"Salsa de soja Shiro Shoyu blanca 360 ml"},"content":{"rendered":"<p>Aquesta salsa de soja pot canviar de color en cuinar-la ja que els amino\u00e0cids juntament amb el sucre natural de la salsa de soja es dauren a alta temperatura. Igualment, en obrir el flasc\u00f3, la pres\u00e8ncia d&#8217;oxigen augmentar\u00e0 i provocar\u00e0 un proc\u00e9s natural d&#8217;oxidaci\u00f3.<br \/>\nRecomanem conservar-la refrigerada una vegada oberta, per conservar-ne la pal\u00b7lidesa, encara que el canvi en la seva coloraci\u00f3 no altera les seves propietats organol\u00e8ptiques.<\/p>\n<p>Consells d&#8217;\u00fas: per assaonar potatges i altres brous, flams salats (Chawanmushi), fideus, verdures estofades, fondue japonesa (nabe), brous de peix, arr\u00f2s condimentat (takikomi gohan), etc\u2026<\/p>\n<p>Textos: Nishikidori<\/p>\n","protected":false},"excerpt":{"rendered":"<p>La salsa de soja Shiro Murasaki es distingeix pel color p\u00e0l\u00b7lid. Per aix\u00f2, no modifica el color dels ingredients en utilitzar-se com a condiment. Amb car\u00e0cter molt salat, aquesta salsa \u00e9s reconeguda a Jap\u00f3 per la manera com ressalta els colors de temporada.<\/p>\n<p>Flasc\u00f3 de 360 ml<\/p>\n","protected":false},"featured_media":6139,"template":"","meta":{"_acf_changed":false},"product_brand":[],"product_cat":[77,80],"product_tag":[],"class_list":{"0":"post-6428","1":"product","2":"type-product","3":"status-publish","4":"has-post-thumbnail","6":"product_cat-gourmet-japones-gourmet-japones-ca","7":"product_cat-salses-de-soja","9":"first","10":"instock","11":"taxable","12":"shipping-taxable","13":"purchasable","14":"product-type-simple"},"acf":[],"_links":{"self":[{"href":"https:\/\/yamaaoi.com\/ca\/wp-json\/wp\/v2\/product\/6428","targetHints":{"allow":["GET"]}}],"collection":[{"href":"https:\/\/yamaaoi.com\/ca\/wp-json\/wp\/v2\/product"}],"about":[{"href":"https:\/\/yamaaoi.com\/ca\/wp-json\/wp\/v2\/types\/product"}],"wp:featuredmedia":[{"embeddable":true,"href":"https:\/\/yamaaoi.com\/ca\/wp-json\/wp\/v2\/media\/6139"}],"wp:attachment":[{"href":"https:\/\/yamaaoi.com\/ca\/wp-json\/wp\/v2\/media?parent=6428"}],"wp:term":[{"taxonomy":"product_brand","embeddable":true,"href":"https:\/\/yamaaoi.com\/ca\/wp-json\/wp\/v2\/product_brand?post=6428"},{"taxonomy":"product_cat","embeddable":true,"href":"https:\/\/yamaaoi.com\/ca\/wp-json\/wp\/v2\/product_cat?post=6428"},{"taxonomy":"product_tag","embeddable":true,"href":"https:\/\/yamaaoi.com\/ca\/wp-json\/wp\/v2\/product_tag?post=6428"}],"curies":[{"name":"wp","href":"https:\/\/api.w.org\/{rel}","templated":true}]}}