{"id":6418,"date":"2021-11-30T16:10:03","date_gmt":"2021-11-30T16:10:03","guid":{"rendered":"https:\/\/yamaaoi.com\/productos\/salsa-de-soja-aneja-3-anos-500-ml\/"},"modified":"2022-01-12T09:44:40","modified_gmt":"2022-01-12T09:44:40","slug":"salsa-de-soja-reposada-3-anys-500-ml","status":"publish","type":"product","link":"https:\/\/yamaaoi.com\/ca\/productos\/salsa-de-soja-reposada-3-anys-500-ml\/","title":{"rendered":"Salsa de soja reposada 3 anys 500 ml"},"content":{"rendered":"<p>Aquesta salsa Shoyu sorpr\u00e8n per la seva textura vellutada, les seves notes maltoses, t\u00e0niques, i potents.<\/p>\n<p>El nostre suggeriment: al Jap\u00f3, la salsa de soja Nigari Kamebishiya de 3 anys s&#8217;usa comunament com a salsa de taula per acompanyar sashimi, carn a la graella, patates fregides i tempura.<br \/>\nTamb\u00e9 utilitzat com a condiment, condimenta guisats de verdures, vinagretes i fideus.<\/p>\n<p>Textos: Nishikidori<\/p>\n","protected":false},"excerpt":{"rendered":"<p>Aquesta salsa de soja reposada durant 3 anys (shoyu), s&#8217;ha elaborat d&#8217;acord amb la tradici\u00f3 m\u00e9s pura i est\u00e0 lligada amb Nigari, que conserva el seu sabor i l&#8217;enriqueix amb notes profundes.<\/p>\n<p>Ampolla de 500 ml<\/p>\n","protected":false},"featured_media":6125,"template":"","meta":{"_acf_changed":false},"product_brand":[],"product_cat":[80,77],"product_tag":[],"class_list":{"0":"post-6418","1":"product","2":"type-product","3":"status-publish","4":"has-post-thumbnail","6":"product_cat-salses-de-soja","7":"product_cat-gourmet-japones-gourmet-japones-ca","9":"first","10":"instock","11":"taxable","12":"shipping-taxable","13":"purchasable","14":"product-type-simple"},"acf":[],"_links":{"self":[{"href":"https:\/\/yamaaoi.com\/ca\/wp-json\/wp\/v2\/product\/6418","targetHints":{"allow":["GET"]}}],"collection":[{"href":"https:\/\/yamaaoi.com\/ca\/wp-json\/wp\/v2\/product"}],"about":[{"href":"https:\/\/yamaaoi.com\/ca\/wp-json\/wp\/v2\/types\/product"}],"wp:featuredmedia":[{"embeddable":true,"href":"https:\/\/yamaaoi.com\/ca\/wp-json\/wp\/v2\/media\/6125"}],"wp:attachment":[{"href":"https:\/\/yamaaoi.com\/ca\/wp-json\/wp\/v2\/media?parent=6418"}],"wp:term":[{"taxonomy":"product_brand","embeddable":true,"href":"https:\/\/yamaaoi.com\/ca\/wp-json\/wp\/v2\/product_brand?post=6418"},{"taxonomy":"product_cat","embeddable":true,"href":"https:\/\/yamaaoi.com\/ca\/wp-json\/wp\/v2\/product_cat?post=6418"},{"taxonomy":"product_tag","embeddable":true,"href":"https:\/\/yamaaoi.com\/ca\/wp-json\/wp\/v2\/product_tag?post=6418"}],"curies":[{"name":"wp","href":"https:\/\/api.w.org\/{rel}","templated":true}]}}