{"id":6415,"date":"2021-11-30T16:14:50","date_gmt":"2021-11-30T16:14:50","guid":{"rendered":"https:\/\/yamaaoi.com\/productos\/aceite-de-sesamo-blanco-tostado-275-ml\/"},"modified":"2022-03-18T11:27:23","modified_gmt":"2022-03-18T11:27:23","slug":"oli-de-sesam-blanc-torrat-275-ml","status":"publish","type":"product","link":"https:\/\/yamaaoi.com\/ca\/productos\/oli-de-sesam-blanc-torrat-275-ml\/","title":{"rendered":"Oli de s\u00e8sam blanc torrat 275 ml"},"content":{"rendered":"<p>Sens dubte, l&#8217;oli de s\u00e8sam \u00e9s un ingredient b\u00e0sic de la gastronomia japonesa.<br \/>\nEl nostre suggeriment: l&#8217;oli de s\u00e8sam blanc \u00e9s lleuger i perfumat, i es pot fer servir di\u00e0riament en multitud d&#8217;elaboracions. Sabor\u00f3s tant per cuinar com per fer una vinagreta, adobar carns, peixos al vapor o per acompanyar tofu, sushi i sashimi o fins i tot dol\u00e7os i pastisseria.<\/p>\n<p>Textos: Nishikidori<\/p>\n","protected":false},"excerpt":{"rendered":"<p>Aquest oli de S\u00e8sam blanc torrat \u00e9s el resultat d\u00b4un llarg proc\u00e9s d\u00b4elaboraci\u00f3 a partir de llavors de s\u00e8sam blanc torrades al foc de llenya, extret posteriorment en un \u00fanic premsat.<\/p>\n<p>Flasc\u00f3 de 275 ml<\/p>\n","protected":false},"featured_media":6119,"template":"","meta":{"_acf_changed":false},"product_brand":[],"product_cat":[81,77,79],"product_tag":[],"class_list":{"0":"post-6415","1":"product","2":"type-product","3":"status-publish","4":"has-post-thumbnail","6":"product_cat-gourmet-japones-ca","7":"product_cat-gourmet-japones-gourmet-japones-ca","8":"product_cat-salses-japoneses","10":"first","11":"instock","12":"taxable","13":"shipping-taxable","14":"purchasable","15":"product-type-simple"},"acf":[],"_links":{"self":[{"href":"https:\/\/yamaaoi.com\/ca\/wp-json\/wp\/v2\/product\/6415","targetHints":{"allow":["GET"]}}],"collection":[{"href":"https:\/\/yamaaoi.com\/ca\/wp-json\/wp\/v2\/product"}],"about":[{"href":"https:\/\/yamaaoi.com\/ca\/wp-json\/wp\/v2\/types\/product"}],"wp:featuredmedia":[{"embeddable":true,"href":"https:\/\/yamaaoi.com\/ca\/wp-json\/wp\/v2\/media\/6119"}],"wp:attachment":[{"href":"https:\/\/yamaaoi.com\/ca\/wp-json\/wp\/v2\/media?parent=6415"}],"wp:term":[{"taxonomy":"product_brand","embeddable":true,"href":"https:\/\/yamaaoi.com\/ca\/wp-json\/wp\/v2\/product_brand?post=6415"},{"taxonomy":"product_cat","embeddable":true,"href":"https:\/\/yamaaoi.com\/ca\/wp-json\/wp\/v2\/product_cat?post=6415"},{"taxonomy":"product_tag","embeddable":true,"href":"https:\/\/yamaaoi.com\/ca\/wp-json\/wp\/v2\/product_tag?post=6415"}],"curies":[{"name":"wp","href":"https:\/\/api.w.org\/{rel}","templated":true}]}}