{"id":6412,"date":"2021-11-30T16:36:31","date_gmt":"2021-11-30T16:36:31","guid":{"rendered":"https:\/\/yamaaoi.com\/productos\/confites-de-piel-de-yuzu-250-gr\/"},"modified":"2022-01-12T08:34:22","modified_gmt":"2022-01-12T08:34:22","slug":"confits-de-pell-de-yuzu-250-gr","status":"publish","type":"product","link":"https:\/\/yamaaoi.com\/ca\/productos\/confits-de-pell-de-yuzu-250-gr\/","title":{"rendered":"Confits de pell de yuzu  250 gr"},"content":{"rendered":"<p>Aquests confits de pell de yuzu no contenen ni additius, ni colorants o conservants&#8230;<br \/>\nL&#8217;empresa Kagura No Sato est\u00e0 ubicada als turons de la prefectura de Miyazaki i cultiva camps de yuzu plantats als vessants de la muntanya. Tot i aix\u00f2, aquesta petita plantaci\u00f3 d&#8217;arbres de yuzu produeix fruits de molt alta qualitat.<br \/>\nEls confits Kagura No Sato yuzu es produeixen a m\u00e0 i es retallen amb precisi\u00f3 per donar-los una forma regular i posteriorment es confiten lentament en suc de yuzu i sucre.<br \/>\nFaran les del\u00edcies dels xocolaters, gelaters, xefs i li donaran un toc sorprenent a una amanida de fruites.<\/p>\n<p>Suggeriments d\u00fas: xocolates, bombons, pastissos gelats.<\/p>\n<p>Textos: Nishikidori<\/p>\n","protected":false},"excerpt":{"rendered":"<p>Els confits de pell de Yuzu s\u00f3n veritablement, el fruit del mestratge artesanal. Cruixents, fresques, delicadament picants i excepcionalment perfumades.<\/p>\n<p>Paquet de 250 gr<\/p>\n","protected":false},"featured_media":6117,"template":"","meta":{"_acf_changed":false},"product_brand":[],"product_cat":[77],"product_tag":[],"class_list":{"0":"post-6412","1":"product","2":"type-product","3":"status-publish","4":"has-post-thumbnail","6":"product_cat-gourmet-japones-gourmet-japones-ca","8":"first","9":"outofstock","10":"taxable","11":"shipping-taxable","12":"purchasable","13":"product-type-simple"},"acf":[],"_links":{"self":[{"href":"https:\/\/yamaaoi.com\/ca\/wp-json\/wp\/v2\/product\/6412","targetHints":{"allow":["GET"]}}],"collection":[{"href":"https:\/\/yamaaoi.com\/ca\/wp-json\/wp\/v2\/product"}],"about":[{"href":"https:\/\/yamaaoi.com\/ca\/wp-json\/wp\/v2\/types\/product"}],"wp:featuredmedia":[{"embeddable":true,"href":"https:\/\/yamaaoi.com\/ca\/wp-json\/wp\/v2\/media\/6117"}],"wp:attachment":[{"href":"https:\/\/yamaaoi.com\/ca\/wp-json\/wp\/v2\/media?parent=6412"}],"wp:term":[{"taxonomy":"product_brand","embeddable":true,"href":"https:\/\/yamaaoi.com\/ca\/wp-json\/wp\/v2\/product_brand?post=6412"},{"taxonomy":"product_cat","embeddable":true,"href":"https:\/\/yamaaoi.com\/ca\/wp-json\/wp\/v2\/product_cat?post=6412"},{"taxonomy":"product_tag","embeddable":true,"href":"https:\/\/yamaaoi.com\/ca\/wp-json\/wp\/v2\/product_tag?post=6412"}],"curies":[{"name":"wp","href":"https:\/\/api.w.org\/{rel}","templated":true}]}}