{"id":6404,"date":"2021-11-30T16:51:46","date_gmt":"2021-11-30T16:51:46","guid":{"rendered":"https:\/\/yamaaoi.com\/productos\/zumo-de-yuzu-silvestre-mishoyuzu-150-ml\/"},"modified":"2022-01-10T16:27:59","modified_gmt":"2022-01-10T16:27:59","slug":"zumo-de-yuzu-silvestre-mishoyuzu-150-ml","status":"publish","type":"product","link":"https:\/\/yamaaoi.com\/ca\/productos\/zumo-de-yuzu-silvestre-mishoyuzu-150-ml\/","title":{"rendered":"Suc de yuzu silvestre Mishoyuzu 150 ml"},"content":{"rendered":"<p>El mishoyuzu es cull en el seu \u00f2ptim moment de maduraci\u00f3 quan la fruita despr\u00e8n fortes notes de mandarina verda, llimona i aranja verda.<br \/>\nEl suc \u00e9s molt m\u00e9s concentrat i consistent que el suc de yuzu d&#8217;arbres empeltats. El n\u00e8ctar que oferim \u00e9s 100% natural.<\/p>\n<p>El nostre suggeriment: perfecte per a sorbets, salsa bavarois i mousses, tamb\u00e9 per elaborar ganaches, xocolates i c\u00f2ctels. Com a condiment, \u00e9s excel\u00b7lent en adobs per a carn o peix i esp\u00e8cies de peix i carn a la graella.<\/p>\n<p>Textos: Nishikidori<\/p>\n","protected":false},"excerpt":{"rendered":"<p>El suc de yuzu silvestre s&#8217;elabora a base del Mishoyuzu, el fruit de l&#8217;arbre de yuzu silvestre, que no ha estat empeltat i en qu\u00e8 els primers fruits apareixen nom\u00e9s despr\u00e9s de 18 anys.<br \/>\nEl seu &#8220;Kkngdom&#8221; \u00e9s a Kitagawa, a la illa Shikoku (Prefectura de K\u00f4chi).<\/p>\n<p>Flasc\u00f3 de 150 ml<\/p>\n","protected":false},"featured_media":6111,"template":"","meta":{"_acf_changed":false},"product_brand":[],"product_cat":[81,77,79],"product_tag":[],"class_list":{"0":"post-6404","1":"product","2":"type-product","3":"status-publish","4":"has-post-thumbnail","6":"product_cat-gourmet-japones-ca","7":"product_cat-gourmet-japones-gourmet-japones-ca","8":"product_cat-salses-japoneses","10":"first","11":"outofstock","12":"sale","13":"taxable","14":"shipping-taxable","15":"purchasable","16":"product-type-simple"},"acf":[],"_links":{"self":[{"href":"https:\/\/yamaaoi.com\/ca\/wp-json\/wp\/v2\/product\/6404","targetHints":{"allow":["GET"]}}],"collection":[{"href":"https:\/\/yamaaoi.com\/ca\/wp-json\/wp\/v2\/product"}],"about":[{"href":"https:\/\/yamaaoi.com\/ca\/wp-json\/wp\/v2\/types\/product"}],"wp:featuredmedia":[{"embeddable":true,"href":"https:\/\/yamaaoi.com\/ca\/wp-json\/wp\/v2\/media\/6111"}],"wp:attachment":[{"href":"https:\/\/yamaaoi.com\/ca\/wp-json\/wp\/v2\/media?parent=6404"}],"wp:term":[{"taxonomy":"product_brand","embeddable":true,"href":"https:\/\/yamaaoi.com\/ca\/wp-json\/wp\/v2\/product_brand?post=6404"},{"taxonomy":"product_cat","embeddable":true,"href":"https:\/\/yamaaoi.com\/ca\/wp-json\/wp\/v2\/product_cat?post=6404"},{"taxonomy":"product_tag","embeddable":true,"href":"https:\/\/yamaaoi.com\/ca\/wp-json\/wp\/v2\/product_tag?post=6404"}],"curies":[{"name":"wp","href":"https:\/\/api.w.org\/{rel}","templated":true}]}}