{"id":6401,"date":"2021-11-30T16:56:33","date_gmt":"2021-11-30T16:56:33","guid":{"rendered":"https:\/\/yamaaoi.com\/productos\/caldo-de-bonito-seco-yashidashi-100-gr\/"},"modified":"2025-02-25T09:15:59","modified_gmt":"2025-02-25T09:15:59","slug":"brou-de-bonitol-sec-yashidashi-100-gr","status":"publish","type":"product","link":"https:\/\/yamaaoi.com\/ca\/productos\/brou-de-bonitol-sec-yashidashi-100-gr\/","title":{"rendered":"Brou de bon\u00edtol sec Yashidashi 70 gr"},"content":{"rendered":"<p>El Dashi \u00e9s una elaboraci\u00f3 fonamental a la gastronomia japonesa, i \u00e9s la base de plats tan coneguts com el ramen.<br \/>\nEl nostre suggeriment: Caldo per elaborar fideus ramen, peixos blancs, flam chanwanmushi, fondue de peix&#8230;<br \/>\nPodeu afegir m\u00e9s o menys bossetes en funci\u00f3 de la pot\u00e8ncia que vulgueu obtenir al vostre brou.<\/p>\n<p>Text: Nishikidori<\/p>\n","protected":false},"excerpt":{"rendered":"<p>Aquest preparat de brou de bon\u00edtol sec Yashidashi s&#8217;elabora a base de bon\u00edtol sec, cuinat instant\u00e0niament a altes temperatures ia alta pressi\u00f3. A aix\u00f2 s&#8217;hi afegeix alga kombu i fong shiitake, potents fonts d&#8217;umami. Es presenta en c\u00f2modes bossetes per infusionar<\/p>\n<p>Paquet 69,6 gr (12&#215;5,8 gr)<\/p>\n","protected":false},"featured_media":10349,"template":"","meta":{"_acf_changed":false},"product_brand":[],"product_cat":[77],"product_tag":[],"class_list":{"0":"post-6401","1":"product","2":"type-product","3":"status-publish","4":"has-post-thumbnail","6":"product_cat-gourmet-japones-gourmet-japones-ca","8":"first","9":"instock","10":"taxable","11":"shipping-taxable","12":"purchasable","13":"product-type-simple"},"acf":[],"_links":{"self":[{"href":"https:\/\/yamaaoi.com\/ca\/wp-json\/wp\/v2\/product\/6401","targetHints":{"allow":["GET"]}}],"collection":[{"href":"https:\/\/yamaaoi.com\/ca\/wp-json\/wp\/v2\/product"}],"about":[{"href":"https:\/\/yamaaoi.com\/ca\/wp-json\/wp\/v2\/types\/product"}],"wp:featuredmedia":[{"embeddable":true,"href":"https:\/\/yamaaoi.com\/ca\/wp-json\/wp\/v2\/media\/10349"}],"wp:attachment":[{"href":"https:\/\/yamaaoi.com\/ca\/wp-json\/wp\/v2\/media?parent=6401"}],"wp:term":[{"taxonomy":"product_brand","embeddable":true,"href":"https:\/\/yamaaoi.com\/ca\/wp-json\/wp\/v2\/product_brand?post=6401"},{"taxonomy":"product_cat","embeddable":true,"href":"https:\/\/yamaaoi.com\/ca\/wp-json\/wp\/v2\/product_cat?post=6401"},{"taxonomy":"product_tag","embeddable":true,"href":"https:\/\/yamaaoi.com\/ca\/wp-json\/wp\/v2\/product_tag?post=6401"}],"curies":[{"name":"wp","href":"https:\/\/api.w.org\/{rel}","templated":true}]}}