{"id":6384,"date":"2021-12-01T14:43:36","date_gmt":"2021-12-01T14:43:36","guid":{"rendered":"https:\/\/yamaaoi.com\/productos\/semillas-de-sesamo-tostadas-al-yuzu-80-gr\/"},"modified":"2022-01-10T15:44:44","modified_gmt":"2022-01-10T15:44:44","slug":"llavors-de-sesam-torrades-al-yuzu-80-gr","status":"publish","type":"product","link":"https:\/\/yamaaoi.com\/ca\/productos\/llavors-de-sesam-torrades-al-yuzu-80-gr\/","title":{"rendered":"Llavors de s\u00e8sam torrades al yuzu 80 gr"},"content":{"rendered":"<p>Les llavors de s\u00e8sam torrades aromatitzades pertanyen a la categoria de furikake, els condiments tradicionals japonesos.<br \/>\nEn boca s\u00f3n abans de res llamineres, generoses en sabor, amb notes gaireb\u00e9 torrades de galeta, seguides de notes picants i afruitades (mandarina verda, yuzu, i aranja verda).<br \/>\nLa salinitat equilibrada d&#8217;aquestes llavors de s\u00e8sam ser\u00e0 perfecta per condimentar les preparacions dolces i salades.<\/p>\n<p>El nostre suggeriment: cruixents, delicioses, divertides i sorprenents, aquestes llavors s\u00f3n ideals per condimentar arrossos, pastes, adobs, carns i peixos a la brasa, pans, formatges, verdures crues&#8230;<\/p>\n<p>Textos: Nishikidori<\/p>\n","protected":false},"excerpt":{"rendered":"<p>Les llavors de s\u00e8sam torrades aromatitzades pertanyen a la categoria de furikake, condiment tradicional japon\u00e8s. S&#8217;han aromatitzat amb una suau frag\u00e0ncia de yuzu.<\/p>\n<p>Pot de 80g<\/p>\n","protected":false},"featured_media":6095,"template":"","meta":{"_acf_changed":false},"product_brand":[],"product_cat":[77],"product_tag":[],"class_list":{"0":"post-6384","1":"product","2":"type-product","3":"status-publish","4":"has-post-thumbnail","6":"product_cat-gourmet-japones-gourmet-japones-ca","8":"first","9":"outofstock","10":"taxable","11":"shipping-taxable","12":"purchasable","13":"product-type-simple"},"acf":[],"_links":{"self":[{"href":"https:\/\/yamaaoi.com\/ca\/wp-json\/wp\/v2\/product\/6384","targetHints":{"allow":["GET"]}}],"collection":[{"href":"https:\/\/yamaaoi.com\/ca\/wp-json\/wp\/v2\/product"}],"about":[{"href":"https:\/\/yamaaoi.com\/ca\/wp-json\/wp\/v2\/types\/product"}],"wp:featuredmedia":[{"embeddable":true,"href":"https:\/\/yamaaoi.com\/ca\/wp-json\/wp\/v2\/media\/6095"}],"wp:attachment":[{"href":"https:\/\/yamaaoi.com\/ca\/wp-json\/wp\/v2\/media?parent=6384"}],"wp:term":[{"taxonomy":"product_brand","embeddable":true,"href":"https:\/\/yamaaoi.com\/ca\/wp-json\/wp\/v2\/product_brand?post=6384"},{"taxonomy":"product_cat","embeddable":true,"href":"https:\/\/yamaaoi.com\/ca\/wp-json\/wp\/v2\/product_cat?post=6384"},{"taxonomy":"product_tag","embeddable":true,"href":"https:\/\/yamaaoi.com\/ca\/wp-json\/wp\/v2\/product_tag?post=6384"}],"curies":[{"name":"wp","href":"https:\/\/api.w.org\/{rel}","templated":true}]}}