{"id":6381,"date":"2021-12-01T15:14:39","date_gmt":"2021-12-01T15:14:39","guid":{"rendered":"https:\/\/yamaaoi.com\/productos\/arroz-hoshi-km-0-del-delta-del-ebro-1-kg\/"},"modified":"2022-01-18T09:31:44","modified_gmt":"2022-01-18T09:31:44","slug":"arros-hoshi-km-0-del-delta-de-lebre-1-kg","status":"publish","type":"product","link":"https:\/\/yamaaoi.com\/ca\/productos\/arros-hoshi-km-0-del-delta-de-lebre-1-kg\/","title":{"rendered":"Arr\u00f2s Hoshi km 0 del Delta de l&#8217;Ebre 1 Kg"},"content":{"rendered":"<p>Presentem l&#8217;arr\u00f2s hoshi cultivat a la zona arrossera del Parc Natural del Delta de l&#8217;Ebre. Un arr\u00f2s hoshi de proximitat, producci\u00f3 limitada i sense barreja de varietats. Assaboriu aquest arr\u00f2s acabat de moldre, fruit d&#8217;una llarga tradici\u00f3, dedicaci\u00f3 i esfor\u00e7.<\/p>\n<p>El nostre suggeriment: aquest \u00e9s l&#8217;arr\u00f2s ser\u00e0 perfecte per fer sushi i maki, tamb\u00e9 per fer postres o cuit al vapor de forma tradicional.<\/p>\n","protected":false},"excerpt":{"rendered":"<p>Arr\u00f2s hoshi km 0 cultivat al Delta de l&#8217;Ebre.<br \/>\nL&#8217;arr\u00f2s o Hoshi \u00e9s la varietat tradicional utilitzada per preparar sushi. Es tracta d&#8217;una varietat molt saborosa i aromatitzada i t\u00e9, com a caracter\u00edstica principal la seva textura fina.<\/p>\n<p>Paquet 1 kg<\/p>\n","protected":false},"featured_media":6159,"template":"","meta":{"_acf_changed":false},"product_brand":[],"product_cat":[78],"product_tag":[],"class_list":{"0":"post-6381","1":"product","2":"type-product","3":"status-publish","4":"has-post-thumbnail","6":"product_cat-arroces-sushi-ca","8":"first","9":"instock","10":"taxable","11":"shipping-taxable","12":"purchasable","13":"product-type-simple"},"acf":[],"_links":{"self":[{"href":"https:\/\/yamaaoi.com\/ca\/wp-json\/wp\/v2\/product\/6381","targetHints":{"allow":["GET"]}}],"collection":[{"href":"https:\/\/yamaaoi.com\/ca\/wp-json\/wp\/v2\/product"}],"about":[{"href":"https:\/\/yamaaoi.com\/ca\/wp-json\/wp\/v2\/types\/product"}],"wp:featuredmedia":[{"embeddable":true,"href":"https:\/\/yamaaoi.com\/ca\/wp-json\/wp\/v2\/media\/6159"}],"wp:attachment":[{"href":"https:\/\/yamaaoi.com\/ca\/wp-json\/wp\/v2\/media?parent=6381"}],"wp:term":[{"taxonomy":"product_brand","embeddable":true,"href":"https:\/\/yamaaoi.com\/ca\/wp-json\/wp\/v2\/product_brand?post=6381"},{"taxonomy":"product_cat","embeddable":true,"href":"https:\/\/yamaaoi.com\/ca\/wp-json\/wp\/v2\/product_cat?post=6381"},{"taxonomy":"product_tag","embeddable":true,"href":"https:\/\/yamaaoi.com\/ca\/wp-json\/wp\/v2\/product_tag?post=6381"}],"curies":[{"name":"wp","href":"https:\/\/api.w.org\/{rel}","templated":true}]}}