{"id":6378,"date":"2021-12-01T15:21:49","date_gmt":"2021-12-01T15:21:49","guid":{"rendered":"https:\/\/yamaaoi.com\/productos\/arroz-koshihikari-de-toyama-1-kg\/"},"modified":"2022-01-10T12:50:42","modified_gmt":"2022-01-10T12:50:42","slug":"arros-koshihikari-de-toyama-1-kg","status":"publish","type":"product","link":"https:\/\/yamaaoi.com\/ca\/productos\/arros-koshihikari-de-toyama-1-kg\/","title":{"rendered":"Arr\u00f2s Koshihikari de Toyama 1 kg"},"content":{"rendered":"<p>Excepcional arr\u00f2s koshihikari produ\u00eft a Jap\u00f3.<br \/>\nLa zona productora d\u00b4aquest arr\u00f2s, Toyama, t\u00e9 un clima temperat durant tot l\u00b4any, perfecte per a la producci\u00f3 d\u00b4arr\u00f2s. El nostre arr\u00f2s koshihikari prov\u00e9 de camps d&#8217;arr\u00f2s irrigats per corrents d&#8217;aigua, extremadament pura, de la muntanya Tateyama.<\/p>\n<p>El nostre suggeriment: aquest \u00e9s l&#8217;arr\u00f2s ser\u00e0 perfecte per fer sushi i maki, tamb\u00e9 per fer postres o cuit al vapor de manera tradicional.<\/p>\n<p>Textos: Nishikidori<\/p>\n","protected":false},"excerpt":{"rendered":"<p>El arr\u00f2s Koshihikari de Toyama \u00e9s especialment sabors i aromatitzat, de molt fina textura, possiblement el tret principal de l&#8217;arr\u00f2s japon\u00e8s.<\/p>\n<p>Paquet 1kg<\/p>\n","protected":false},"featured_media":6093,"template":"","meta":{"_acf_changed":false},"product_brand":[],"product_cat":[81,77,78],"product_tag":[],"class_list":{"0":"post-6378","1":"product","2":"type-product","3":"status-publish","4":"has-post-thumbnail","6":"product_cat-gourmet-japones-ca","7":"product_cat-gourmet-japones-gourmet-japones-ca","8":"product_cat-arroces-sushi-ca","10":"first","11":"instock","12":"taxable","13":"shipping-taxable","14":"purchasable","15":"product-type-simple"},"acf":[],"_links":{"self":[{"href":"https:\/\/yamaaoi.com\/ca\/wp-json\/wp\/v2\/product\/6378","targetHints":{"allow":["GET"]}}],"collection":[{"href":"https:\/\/yamaaoi.com\/ca\/wp-json\/wp\/v2\/product"}],"about":[{"href":"https:\/\/yamaaoi.com\/ca\/wp-json\/wp\/v2\/types\/product"}],"wp:featuredmedia":[{"embeddable":true,"href":"https:\/\/yamaaoi.com\/ca\/wp-json\/wp\/v2\/media\/6093"}],"wp:attachment":[{"href":"https:\/\/yamaaoi.com\/ca\/wp-json\/wp\/v2\/media?parent=6378"}],"wp:term":[{"taxonomy":"product_brand","embeddable":true,"href":"https:\/\/yamaaoi.com\/ca\/wp-json\/wp\/v2\/product_brand?post=6378"},{"taxonomy":"product_cat","embeddable":true,"href":"https:\/\/yamaaoi.com\/ca\/wp-json\/wp\/v2\/product_cat?post=6378"},{"taxonomy":"product_tag","embeddable":true,"href":"https:\/\/yamaaoi.com\/ca\/wp-json\/wp\/v2\/product_tag?post=6378"}],"curies":[{"name":"wp","href":"https:\/\/api.w.org\/{rel}","templated":true}]}}