{"id":6372,"date":"2021-12-01T15:34:45","date_gmt":"2021-12-01T15:34:45","guid":{"rendered":"https:\/\/yamaaoi.com\/productos\/cuchara-de-bambu\/"},"modified":"2022-01-10T12:32:42","modified_gmt":"2022-01-10T12:32:42","slug":"cullera-de-bambu","status":"publish","type":"product","link":"https:\/\/yamaaoi.com\/ca\/productos\/cullera-de-bambu\/","title":{"rendered":"Cullera de bamb\u00fa"},"content":{"rendered":"<p>Aquesta cullera de bamb\u00fa \u00e9s perfecta per poder mesurar les quantitats amb qu\u00e8 condimentem les nostres receptes m\u00e9s delicioses.<\/p>\n","protected":false},"excerpt":{"rendered":"<p>Cullera de bamb\u00fa de 15 cm.<\/p>\n","protected":false},"featured_media":7739,"template":"","meta":{"_acf_changed":false},"product_brand":[],"product_cat":[76],"product_tag":[],"class_list":{"0":"post-6372","1":"product","2":"type-product","3":"status-publish","4":"has-post-thumbnail","6":"product_cat-accessoris-accessoris","8":"first","9":"instock","10":"taxable","11":"shipping-taxable","12":"purchasable","13":"product-type-simple"},"acf":[],"_links":{"self":[{"href":"https:\/\/yamaaoi.com\/ca\/wp-json\/wp\/v2\/product\/6372","targetHints":{"allow":["GET"]}}],"collection":[{"href":"https:\/\/yamaaoi.com\/ca\/wp-json\/wp\/v2\/product"}],"about":[{"href":"https:\/\/yamaaoi.com\/ca\/wp-json\/wp\/v2\/types\/product"}],"wp:featuredmedia":[{"embeddable":true,"href":"https:\/\/yamaaoi.com\/ca\/wp-json\/wp\/v2\/media\/7739"}],"wp:attachment":[{"href":"https:\/\/yamaaoi.com\/ca\/wp-json\/wp\/v2\/media?parent=6372"}],"wp:term":[{"taxonomy":"product_brand","embeddable":true,"href":"https:\/\/yamaaoi.com\/ca\/wp-json\/wp\/v2\/product_brand?post=6372"},{"taxonomy":"product_cat","embeddable":true,"href":"https:\/\/yamaaoi.com\/ca\/wp-json\/wp\/v2\/product_cat?post=6372"},{"taxonomy":"product_tag","embeddable":true,"href":"https:\/\/yamaaoi.com\/ca\/wp-json\/wp\/v2\/product_tag?post=6372"}],"curies":[{"name":"wp","href":"https:\/\/api.w.org\/{rel}","templated":true}]}}