{"id":6357,"date":"2021-12-05T11:45:38","date_gmt":"2021-12-05T11:45:38","guid":{"rendered":"https:\/\/yamaaoi.com\/productos\/sauce-obsession-premium-pack\/"},"modified":"2022-12-02T13:27:09","modified_gmt":"2022-12-02T13:27:09","slug":"sauce-obsession-premium-pack","status":"publish","type":"product","link":"https:\/\/yamaaoi.com\/ca\/productos\/sauce-obsession-premium-pack\/","title":{"rendered":"Sauce Obsession Premium Pack"},"content":{"rendered":"<p>Ens encanta poder-vos presentar aquest fant\u00e0stic pack per condimentar les m\u00e9s delicioses receptes japoneses i asi\u00e0tiques. Els productes s&#8217;han seleccionat entre els mestres artesans japonesos m\u00e9s reconeguts, que seguint la m\u00e9s estricta tradici\u00f3, han elaborat les millors salses perqu\u00e8 porteu la vostra cuina japonesa a un altre nivell!<\/p>\n<p>En aquest pack us oferim:<br \/>\n&#8211; Vinagre d&#8217;arr\u00f2s blanc 200 ml.<br \/>\n&#8211; Mirin Hon Mirin Kokonoe Sakura premium 300 ml.<br \/>\n&#8211; Salsa de soja antiga de 2 anys de maduraci\u00f3 200 ml.<br \/>\n&#8211; Brou Dashi de bon\u00edtol sec Yashidashi 100gr.<br \/>\n&#8211; Salsa Ponzu Champonzu als 5 c\u00edtrics 150ml.<br \/>\n&#8211; Salsa vinagreta japonesa 360 ml.<br \/>\n&#8211; Oli de s\u00e8sam blanc torrat 275ml.<\/p>\n","protected":false},"excerpt":{"rendered":"<p>El Sauce Obsession Premium Pack us ofereix els millors condiments, salses i productes artesans de la millor tradici\u00f3 culin\u00e0ria japonesa per tal que que pogueu portar la vostra cuina a un altre nivell!<\/p>\n<p>Atenci\u00f3: Algun producte de la fotografia podria no coincidir exactament amb la llista de productes de la Descripci\u00f3.<\/p>\n","protected":false},"featured_media":6121,"template":"","meta":{"_acf_changed":false},"product_brand":[],"product_cat":[74],"product_tag":[],"class_list":{"0":"post-6357","1":"product","2":"type-product","3":"status-publish","4":"has-post-thumbnail","6":"product_cat-special-packs-ca","8":"first","9":"outofstock","10":"sale","11":"taxable","12":"shipping-taxable","13":"purchasable","14":"product-type-simple"},"acf":[],"_links":{"self":[{"href":"https:\/\/yamaaoi.com\/ca\/wp-json\/wp\/v2\/product\/6357","targetHints":{"allow":["GET"]}}],"collection":[{"href":"https:\/\/yamaaoi.com\/ca\/wp-json\/wp\/v2\/product"}],"about":[{"href":"https:\/\/yamaaoi.com\/ca\/wp-json\/wp\/v2\/types\/product"}],"wp:featuredmedia":[{"embeddable":true,"href":"https:\/\/yamaaoi.com\/ca\/wp-json\/wp\/v2\/media\/6121"}],"wp:attachment":[{"href":"https:\/\/yamaaoi.com\/ca\/wp-json\/wp\/v2\/media?parent=6357"}],"wp:term":[{"taxonomy":"product_brand","embeddable":true,"href":"https:\/\/yamaaoi.com\/ca\/wp-json\/wp\/v2\/product_brand?post=6357"},{"taxonomy":"product_cat","embeddable":true,"href":"https:\/\/yamaaoi.com\/ca\/wp-json\/wp\/v2\/product_cat?post=6357"},{"taxonomy":"product_tag","embeddable":true,"href":"https:\/\/yamaaoi.com\/ca\/wp-json\/wp\/v2\/product_tag?post=6357"}],"curies":[{"name":"wp","href":"https:\/\/api.w.org\/{rel}","templated":true}]}}