{"id":6354,"date":"2021-12-05T12:00:16","date_gmt":"2021-12-05T12:00:16","guid":{"rendered":"https:\/\/yamaaoi.com\/productos\/japanese-food-lovers-pack\/"},"modified":"2022-12-13T14:19:04","modified_gmt":"2022-12-13T14:19:04","slug":"japanese-food-lovers-pack","status":"publish","type":"product","link":"https:\/\/yamaaoi.com\/ca\/productos\/japanese-food-lovers-pack\/","title":{"rendered":"Japanese Food Lovers Pack"},"content":{"rendered":"<p>El Pack que recomanem a tots els amants de la cuina japonesa. En ell hi hem incl\u00f2s els ingredients essencials que us permetran d&#8217;elaborar molt\u00edssimes receptes m\u00e9s enll\u00e0 del sushi: brou dashi d&#8217;ostra, furikake, o algues de qualitat premium, s\u00f3n tan sols alguns dels deliciosos productes que faran les del\u00edcies dels m\u00e9s exigents gourmets japonesos!<\/p>\n<p>En este Pack us oferim:<br \/>\n&#8211; Vinagre d&#8217;arr\u00f2s 200 ml.<br \/>\n&#8211; Mirin Hon Mirin Kokonoe Sakura premium 300 ml.<br \/>\n&#8211; Salsa de soja ecol\u00f2gica Tokiarubeshi 300 ml.<br \/>\n&#8211; Furikake d&#8217;alga kombu<br \/>\n&#8211; Brou Dashi d&#8217;ostra Yakidashi 100gr.<br \/>\n&#8211; Alga nori Arikake qualitat premium 25 gr.<br \/>\n&#8211; Alga wakame salvatge 50 gr.<br \/>\n&#8211; Arr\u00f2s Hoshi del Delta de l&#8217;Ebre<br \/>\n&#8211; Wasabi fresc petit 50 gr.<br \/>\n&#8211; Ratllador Samekichi acer inoxidable, mida S<br \/>\n&#8211; Pinzell de bamb\u00fa<\/p>\n","protected":false},"excerpt":{"rendered":"<p>El Japanese food lovers pack cont\u00e9 els ingredients m\u00e9s representatius de la cuina japonesa, seleccionats en origen per fer les del\u00edcies dels m\u00e9s exigents gurmets!<\/p>\n<p>*ATENCI\u00d3: Estem en el proc\u00e9s de moure el nostre wasabi a un nou empla\u00e7ament, aix\u00ed que temporalment, el wasabi servit podr\u00e0 ser d\u2019importaci\u00f3.<\/p>\n","protected":false},"featured_media":6115,"template":"","meta":{"_acf_changed":false},"product_brand":[],"product_cat":[74],"product_tag":[],"class_list":{"0":"post-6354","1":"product","2":"type-product","3":"status-publish","4":"has-post-thumbnail","6":"product_cat-special-packs-ca","8":"first","9":"outofstock","10":"sale","11":"taxable","12":"shipping-taxable","13":"purchasable","14":"product-type-simple"},"acf":[],"_links":{"self":[{"href":"https:\/\/yamaaoi.com\/ca\/wp-json\/wp\/v2\/product\/6354","targetHints":{"allow":["GET"]}}],"collection":[{"href":"https:\/\/yamaaoi.com\/ca\/wp-json\/wp\/v2\/product"}],"about":[{"href":"https:\/\/yamaaoi.com\/ca\/wp-json\/wp\/v2\/types\/product"}],"wp:featuredmedia":[{"embeddable":true,"href":"https:\/\/yamaaoi.com\/ca\/wp-json\/wp\/v2\/media\/6115"}],"wp:attachment":[{"href":"https:\/\/yamaaoi.com\/ca\/wp-json\/wp\/v2\/media?parent=6354"}],"wp:term":[{"taxonomy":"product_brand","embeddable":true,"href":"https:\/\/yamaaoi.com\/ca\/wp-json\/wp\/v2\/product_brand?post=6354"},{"taxonomy":"product_cat","embeddable":true,"href":"https:\/\/yamaaoi.com\/ca\/wp-json\/wp\/v2\/product_cat?post=6354"},{"taxonomy":"product_tag","embeddable":true,"href":"https:\/\/yamaaoi.com\/ca\/wp-json\/wp\/v2\/product_tag?post=6354"}],"curies":[{"name":"wp","href":"https:\/\/api.w.org\/{rel}","templated":true}]}}