{"id":10405,"date":"2025-10-23T09:21:29","date_gmt":"2025-10-23T09:21:29","guid":{"rendered":"https:\/\/yamaaoi.com\/?post_type=product&#038;p=10405"},"modified":"2025-10-28T11:24:08","modified_gmt":"2025-10-28T11:24:08","slug":"prunes-umeboshi-100-gr","status":"publish","type":"product","link":"https:\/\/yamaaoi.com\/ca\/productos\/prunes-umeboshi-100-gr\/","title":{"rendered":"Prunes Umeboshi 100 gr"},"content":{"rendered":"<p>Les prunes umeboshi tenen una aroma molt afruitada. A la boca, a causa del seu alt contingut en \u00e0cid c\u00edtric, tenen un sabor molt \u00e0cid, gaireb\u00e9 picant i, tradicionalment, molt salat.<\/p>\n<p>La versi\u00f3 que oferim est\u00e0 lleugerament endolcida i redu\u00efda en sal (3%). Les prunes umeboshi pot utilitzar-se en una gran varietat de plats, com vinagretes, amaniments per amanides, fideus, sandvitxos, adobs, cremes per untar i onigiri, o com a condiment per acompanyar arr\u00f2s, peix i carn a la graella i verdures crues (cogombres, raves.<\/p>\n<p>Per real\u00e7ar el sabor afruitat i dol\u00e7 de les umeboshi, nom\u00e9s cal escalfar-les suaument a la graella. Garantim que les nostres umeboshi no contenen colorants, additius ni conservants.<\/p>\n<p>Textos: Nishikidori<\/p>\n<p>Ref. 204<\/p>\n","protected":false},"excerpt":{"rendered":"<p>Umeboshi \u00e9s la fruita de l&#8217;albercoquer japon\u00e8s (per\u00f2 es diu pruna), processat en una salmorra de sal i despr\u00e9s vinagre, perqu\u00e8 es pugui menjar ja que, en estat fresc, no \u00e9s comestible. Ume significa &#8220;pruna&#8221; i boshi &#8220;sec&#8221;. La sal alenteix el proc\u00e9s d&#8217;envelliment i conserva naturalment la fruita, mentre que el vinagre equilibra el sabor \u00e0cid de l&#8217;umeboshi.<\/p>\n<p>Els japonesos atribueixen a l&#8217;umeboshi virtuts medicinals, com la capacitat de refor\u00e7ar la immunitat. El seu alt contingut en \u00e0cid c\u00edtric facilita la digesti\u00f3 i estimula el fetge per crear un efecte desintoxicant a l&#8217;organisme.<\/p>\n<p>100 gr<\/p>\n","protected":false},"featured_media":10418,"template":"","meta":{"_acf_changed":false},"product_brand":[],"product_cat":[81,77],"product_tag":[],"class_list":{"0":"post-10405","1":"product","2":"type-product","3":"status-publish","4":"has-post-thumbnail","6":"product_cat-gourmet-japones-ca","7":"product_cat-gourmet-japones-gourmet-japones-ca","9":"first","10":"instock","11":"taxable","12":"shipping-taxable","13":"purchasable","14":"product-type-simple"},"acf":[],"_links":{"self":[{"href":"https:\/\/yamaaoi.com\/ca\/wp-json\/wp\/v2\/product\/10405","targetHints":{"allow":["GET"]}}],"collection":[{"href":"https:\/\/yamaaoi.com\/ca\/wp-json\/wp\/v2\/product"}],"about":[{"href":"https:\/\/yamaaoi.com\/ca\/wp-json\/wp\/v2\/types\/product"}],"wp:featuredmedia":[{"embeddable":true,"href":"https:\/\/yamaaoi.com\/ca\/wp-json\/wp\/v2\/media\/10418"}],"wp:attachment":[{"href":"https:\/\/yamaaoi.com\/ca\/wp-json\/wp\/v2\/media?parent=10405"}],"wp:term":[{"taxonomy":"product_brand","embeddable":true,"href":"https:\/\/yamaaoi.com\/ca\/wp-json\/wp\/v2\/product_brand?post=10405"},{"taxonomy":"product_cat","embeddable":true,"href":"https:\/\/yamaaoi.com\/ca\/wp-json\/wp\/v2\/product_cat?post=10405"},{"taxonomy":"product_tag","embeddable":true,"href":"https:\/\/yamaaoi.com\/ca\/wp-json\/wp\/v2\/product_tag?post=10405"}],"curies":[{"name":"wp","href":"https:\/\/api.w.org\/{rel}","templated":true}]}}