{"id":10378,"date":"2025-10-13T10:10:34","date_gmt":"2025-10-13T10:10:34","guid":{"rendered":"https:\/\/yamaaoi.com\/?post_type=product&#038;p=10378"},"modified":"2025-10-23T08:39:33","modified_gmt":"2025-10-23T08:39:33","slug":"oli-aromatitzat-amb-wasabi","status":"publish","type":"product","link":"https:\/\/yamaaoi.com\/ca\/productos\/oli-aromatitzat-amb-wasabi\/","title":{"rendered":"Oli aromatitzat amb wasabi"},"content":{"rendered":"<p>Revela notes fresques, especiades i picants al paladar per acabar donant pas a un sabor final de wasabi.<\/p>\n<p>La nostra combinaci\u00f3 perfecta: \u00e9s perfecte per a carpatxos de carn o peix, mahoneses i altres salses per a amanida. Serveix com a guarniment per a carns i peixos o com a base d&#8217;algunes salses com la maionesa i altres preparacions.\u00c9s perfecte per a carns i peixos rostits, afegir\u00e0 un toc picant molt agradable.<\/p>\n<p>Textos: Nishikidori<\/p>\n<p>Ref. 182<\/p>\n","protected":false},"excerpt":{"rendered":"<p>Aquest oli \u00e9s f\u00e0cil d&#8217;utilitzar i revela un poder\u00f3s gust de wasabi.<\/p>\n<p>Ampolla de 95 gr<\/p>\n","protected":false},"featured_media":10391,"template":"","meta":{"_acf_changed":false},"product_brand":[],"product_cat":[81,77,79],"product_tag":[],"class_list":{"0":"post-10378","1":"product","2":"type-product","3":"status-publish","4":"has-post-thumbnail","6":"product_cat-gourmet-japones-ca","7":"product_cat-gourmet-japones-gourmet-japones-ca","8":"product_cat-salses-japoneses","10":"first","11":"instock","12":"taxable","13":"shipping-taxable","14":"purchasable","15":"product-type-simple"},"acf":[],"_links":{"self":[{"href":"https:\/\/yamaaoi.com\/ca\/wp-json\/wp\/v2\/product\/10378","targetHints":{"allow":["GET"]}}],"collection":[{"href":"https:\/\/yamaaoi.com\/ca\/wp-json\/wp\/v2\/product"}],"about":[{"href":"https:\/\/yamaaoi.com\/ca\/wp-json\/wp\/v2\/types\/product"}],"wp:featuredmedia":[{"embeddable":true,"href":"https:\/\/yamaaoi.com\/ca\/wp-json\/wp\/v2\/media\/10391"}],"wp:attachment":[{"href":"https:\/\/yamaaoi.com\/ca\/wp-json\/wp\/v2\/media?parent=10378"}],"wp:term":[{"taxonomy":"product_brand","embeddable":true,"href":"https:\/\/yamaaoi.com\/ca\/wp-json\/wp\/v2\/product_brand?post=10378"},{"taxonomy":"product_cat","embeddable":true,"href":"https:\/\/yamaaoi.com\/ca\/wp-json\/wp\/v2\/product_cat?post=10378"},{"taxonomy":"product_tag","embeddable":true,"href":"https:\/\/yamaaoi.com\/ca\/wp-json\/wp\/v2\/product_tag?post=10378"}],"curies":[{"name":"wp","href":"https:\/\/api.w.org\/{rel}","templated":true}]}}