{"id":6325,"date":"2020-06-04T13:11:55","date_gmt":"2020-06-04T13:11:55","guid":{"rendered":"https:\/\/yamaaoi.com\/visitas-wasabi\/"},"modified":"2022-01-09T09:58:10","modified_gmt":"2022-01-09T09:58:10","slug":"visites-wasabi","status":"publish","type":"page","link":"https:\/\/yamaaoi.com\/ca\/visites-wasabi\/","title":{"rendered":"Visites"},"content":{"rendered":"[vc_row][vc_column][vc_empty_space height=&#8221;232px&#8221;][vc_column_text]\n<h5 style=\"text-align: center;\">A causa de la situaci\u00f3 generada pel Covid-19, les visites queden posposades fins a nou av\u00eds. Gr\u00e0cies.<\/h5>\n<h2>\u00bfEt ve de gust visitar l&#8217;\u00fanica plantaci\u00f3 de wasabi de la Mediterr\u00e0nia?<\/h2>\n<p><img loading=\"lazy\" decoding=\"async\" src=\"https:\/\/yamaaoi.com\/wp-content\/uploads\/2020\/06\/visita-wasabi-1024x576.jpeg\" sizes=\"auto, (max-width: 1024px) 100vw, 1024px\" srcset=\"https:\/\/yamaaoi.com\/wp-content\/uploads\/2020\/06\/visita-wasabi-1024x576.jpeg 1024w, https:\/\/yamaaoi.com\/wp-content\/uploads\/2020\/06\/visita-wasabi-300x169.jpeg 300w, https:\/\/yamaaoi.com\/wp-content\/uploads\/2020\/06\/visita-wasabi-768x432.jpeg 768w, https:\/\/yamaaoi.com\/wp-content\/uploads\/2020\/06\/visita-wasabi-600x337.jpeg 600w, https:\/\/yamaaoi.com\/wp-content\/uploads\/2020\/06\/visita-wasabi.jpeg 1144w\" alt=\"\" width=\"1024\" height=\"576\" \/><\/p>\n<p>A Yamaaoi organitzem visites guiades, per a grups. Nom\u00e9s les fem uns pocs mesos a l&#8217;any i per a grups limitats, aix\u00ed que\u2026 no perdis l&#8217;oportunitat!<\/p>\n<h6>Descripci\u00f3 de la visita (duraci\u00f3 aproximada 2,5 h)<\/h6>\n<p>La visita es divideix en espais de divulgaci\u00f3 te\u00f2rica i pr\u00e0ctica, sobre el cultiu del wasabi i les caracter\u00edstiques gastron\u00f2miques de la planta. Posteriorment es pocedeix a fer un tast de les diferents maneres de preparar-lo.<\/p>\n<ul>\n<li>Reuni\u00f3 introduct\u00f2ria: El projecte de Yamaaoi Wasabi i breu explicaci\u00f3 sobre la planta i la seva distribuci\u00f3 al M\u00f3n.<\/li>\n<li>Visita als cultius: Itinerari per les plantacions a les zones del cultiu. Aproximaci\u00f3 agron\u00f2mica i collita de planta de wasabi sencera.<\/li>\n<li>Aplicacions gastron\u00f2miques: Neteja i preparaci\u00f3 de la planta per al consum de les diferents parts. Explicaci\u00f3 de les caracter\u00edstiques gastron\u00f2miques i diversos usos de cada part de la planta.<\/li>\n<li>Tast de wasabi acabat de collir: Ratllat de wasabi en diferents tipus de ratlladors japonesos (tradicional i modern) i degustaci\u00f3 de les parts de la planta.<\/li>\n<\/ul>\n<p><img loading=\"lazy\" decoding=\"async\" src=\"https:\/\/yamaaoi.com\/wp-content\/uploads\/2020\/06\/recoleccion-wasabi-1024x576.jpg\" sizes=\"auto, (max-width: 1024px) 100vw, 1024px\" srcset=\"https:\/\/yamaaoi.com\/wp-content\/uploads\/2020\/06\/recoleccion-wasabi-1024x576.jpg 1024w, https:\/\/yamaaoi.com\/wp-content\/uploads\/2020\/06\/recoleccion-wasabi-300x169.jpg 300w, https:\/\/yamaaoi.com\/wp-content\/uploads\/2020\/06\/recoleccion-wasabi-768x432.jpg 768w, https:\/\/yamaaoi.com\/wp-content\/uploads\/2020\/06\/recoleccion-wasabi-600x338.jpg 600w, https:\/\/yamaaoi.com\/wp-content\/uploads\/2020\/06\/recoleccion-wasabi.jpg 1200w\" alt=\"\" width=\"1024\" height=\"576\" \/><\/p>\n<p>Si us ve de gust, en finalitzar la visita, podreu adquirir wasabi i plantes per cultivar-les a casa vostra!<\/p>\n<p>Per fer reserva de les visites, si us plau empleneu el seg\u00fcent formulari i us contactarem en breu.<\/p>\n<p>A causa de la situaci\u00f3 generada pel Covid-19, les visites queden posposades fins a nou av\u00eds. Gr\u00e0cies.<\/p>\n<h2>Reserva una visita<\/h2>\n[\/vc_column_text][\/vc_column][\/vc_row]\n","protected":false},"excerpt":{"rendered":"<p>[vc_row][vc_column][vc_empty_space height=&#8221;232px&#8221;][vc_column_text] A causa de la situaci\u00f3 generada pel Covid-19, les visites queden posposades fins a nou av\u00eds. Gr\u00e0cies. \u00bfEt ve de gust visitar l&#8217;\u00fanica&hellip;<\/p>\n","protected":false},"author":2,"featured_media":0,"parent":0,"menu_order":0,"comment_status":"closed","ping_status":"closed","template":"","meta":{"_acf_changed":false,"footnotes":""},"class_list":["post-6325","page","type-page","status-publish","hentry"],"acf":[],"_links":{"self":[{"href":"https:\/\/yamaaoi.com\/ca\/wp-json\/wp\/v2\/pages\/6325","targetHints":{"allow":["GET"]}}],"collection":[{"href":"https:\/\/yamaaoi.com\/ca\/wp-json\/wp\/v2\/pages"}],"about":[{"href":"https:\/\/yamaaoi.com\/ca\/wp-json\/wp\/v2\/types\/page"}],"author":[{"embeddable":true,"href":"https:\/\/yamaaoi.com\/ca\/wp-json\/wp\/v2\/users\/2"}],"replies":[{"embeddable":true,"href":"https:\/\/yamaaoi.com\/ca\/wp-json\/wp\/v2\/comments?post=6325"}],"version-history":[{"count":0,"href":"https:\/\/yamaaoi.com\/ca\/wp-json\/wp\/v2\/pages\/6325\/revisions"}],"wp:attachment":[{"href":"https:\/\/yamaaoi.com\/ca\/wp-json\/wp\/v2\/media?parent=6325"}],"curies":[{"name":"wp","href":"https:\/\/api.w.org\/{rel}","templated":true}]}}